{"id":32425,"date":"2020-07-17T11:04:50","date_gmt":"2020-07-17T09:04:50","guid":{"rendered":"https:\/\/www.coquard.fr\/produit\/moule-pate-molle-200-300g"},"modified":"2026-01-08T15:21:02","modified_gmt":"2026-01-08T14:21:02","slug":"moule-pate-molle-200-300g","status":"publish","type":"product","link":"https:\/\/www.coquard.fr\/es\/produit\/moule-pate-molle-200-300g","title":{"rendered":"MOLDE PASTA BLANDA 225 g DIAM 102\/91 Al 53 mm"},"content":{"rendered":"<p>Molde de pl\u00e1stico alimentario para moldeo de quesos de tipo pasta blanda. Perforaci\u00f3n del fondo y los lados mediante estr\u00edas horizontales. Di\u00e1metro superior 102 mm, di\u00e1metro inferior 91 mm, altura 53 mm. Peso del queso aproximado, se proporciona a t\u00edtulo indicativo.<\/p>\n","protected":false},"excerpt":{"rendered":"<p>32425<\/p>\n","protected":false},"featured_media":24689,"comment_status":"closed","ping_status":"closed","template":"","meta":{"_acf_changed":false},"product_brand":[],"product_cat":[1597],"product_tag":[],"class_list":{"0":"post-32425","1":"product","2":"type-product","3":"status-publish","4":"has-post-thumbnail","6":"product_cat-moldes-de-plastico","8":"first","9":"instock","10":"taxable","11":"shipping-taxable","12":"purchasable","13":"product-type-simple"},"acf":[],"_links":{"self":[{"href":"https:\/\/www.coquard.fr\/es\/wp-json\/wp\/v2\/product\/32425","targetHints":{"allow":["GET"]}}],"collection":[{"href":"https:\/\/www.coquard.fr\/es\/wp-json\/wp\/v2\/product"}],"about":[{"href":"https:\/\/www.coquard.fr\/es\/wp-json\/wp\/v2\/types\/product"}],"replies":[{"embeddable":true,"href":"https:\/\/www.coquard.fr\/es\/wp-json\/wp\/v2\/comments?post=32425"}],"wp:featuredmedia":[{"embeddable":true,"href":"https:\/\/www.coquard.fr\/es\/wp-json\/wp\/v2\/media\/24689"}],"wp:attachment":[{"href":"https:\/\/www.coquard.fr\/es\/wp-json\/wp\/v2\/media?parent=32425"}],"wp:term":[{"taxonomy":"product_brand","embeddable":true,"href":"https:\/\/www.coquard.fr\/es\/wp-json\/wp\/v2\/product_brand?post=32425"},{"taxonomy":"product_cat","embeddable":true,"href":"https:\/\/www.coquard.fr\/es\/wp-json\/wp\/v2\/product_cat?post=32425"},{"taxonomy":"product_tag","embeddable":true,"href":"https:\/\/www.coquard.fr\/es\/wp-json\/wp\/v2\/product_tag?post=32425"}],"curies":[{"name":"wp","href":"https:\/\/api.w.org\/{rel}","templated":true}]}}