{"id":32421,"date":"2020-07-17T11:04:45","date_gmt":"2020-07-17T09:04:45","guid":{"rendered":"https:\/\/www.coquard.fr\/produit\/moule-pate-molle-500-800-grs"},"modified":"2026-01-08T15:20:59","modified_gmt":"2026-01-08T14:20:59","slug":"moule-pate-molle-500-800-grs","status":"publish","type":"product","link":"https:\/\/www.coquard.fr\/es\/produit\/moule-pate-molle-500-800-grs","title":{"rendered":"MOLDE PASTA BLANDA 500\/800 g DIAM 138\/130 Al 103 mm"},"content":{"rendered":"<p>Molde de pl\u00e1stico alimentario para moldeo de quesos de tipo pasta blanda. Perforaci\u00f3n del fondo y los lados mediante estr\u00edas horizontales. Di\u00e1metro superior 138 mm, di\u00e1metro inferior 130 mm, altura 103 mm. Peso del queso aproximado, se proporciona a t\u00edtulo indicativo.<\/p>\n","protected":false},"excerpt":{"rendered":"<p>32421<\/p>\n","protected":false},"featured_media":24683,"comment_status":"closed","ping_status":"closed","template":"","meta":{"_acf_changed":false},"product_brand":[],"product_cat":[1597],"product_tag":[],"class_list":{"0":"post-32421","1":"product","2":"type-product","3":"status-publish","4":"has-post-thumbnail","6":"product_cat-moldes-de-plastico","8":"first","9":"instock","10":"taxable","11":"shipping-taxable","12":"purchasable","13":"product-type-simple"},"acf":[],"_links":{"self":[{"href":"https:\/\/www.coquard.fr\/es\/wp-json\/wp\/v2\/product\/32421","targetHints":{"allow":["GET"]}}],"collection":[{"href":"https:\/\/www.coquard.fr\/es\/wp-json\/wp\/v2\/product"}],"about":[{"href":"https:\/\/www.coquard.fr\/es\/wp-json\/wp\/v2\/types\/product"}],"replies":[{"embeddable":true,"href":"https:\/\/www.coquard.fr\/es\/wp-json\/wp\/v2\/comments?post=32421"}],"wp:featuredmedia":[{"embeddable":true,"href":"https:\/\/www.coquard.fr\/es\/wp-json\/wp\/v2\/media\/24683"}],"wp:attachment":[{"href":"https:\/\/www.coquard.fr\/es\/wp-json\/wp\/v2\/media?parent=32421"}],"wp:term":[{"taxonomy":"product_brand","embeddable":true,"href":"https:\/\/www.coquard.fr\/es\/wp-json\/wp\/v2\/product_brand?post=32421"},{"taxonomy":"product_cat","embeddable":true,"href":"https:\/\/www.coquard.fr\/es\/wp-json\/wp\/v2\/product_cat?post=32421"},{"taxonomy":"product_tag","embeddable":true,"href":"https:\/\/www.coquard.fr\/es\/wp-json\/wp\/v2\/product_tag?post=32421"}],"curies":[{"name":"wp","href":"https:\/\/api.w.org\/{rel}","templated":true}]}}