{"id":32419,"date":"2020-07-17T11:04:41","date_gmt":"2020-07-17T09:04:41","guid":{"rendered":"https:\/\/www.coquard.fr\/produit\/moule-brousse-du-rove"},"modified":"2026-01-08T15:20:56","modified_gmt":"2026-01-08T14:20:56","slug":"moule-brousse-du-rove","status":"publish","type":"product","link":"https:\/\/www.coquard.fr\/es\/produit\/moule-brousse-du-rove","title":{"rendered":"MOLDE BROUSSE DU ROVE DIAM 32\/22 ALTURA 85 mm"},"content":{"rendered":"<p>Molde \u00abcesta\u00bb de pl\u00e1stico alimentario para moldeo de quesos de tipo Brousse du Rove. Sin perforaci\u00f3n en los lados, 3 orificios en el fondo \u00fanicamente. Di\u00e1metro superior 32 mm, di\u00e1metro inferior 22 mm, altura 85 mm.<\/p>\n","protected":false},"excerpt":{"rendered":"<p>32419<\/p>\n","protected":false},"featured_media":24680,"comment_status":"closed","ping_status":"closed","template":"","meta":{"_acf_changed":false},"product_brand":[],"product_cat":[1597],"product_tag":[],"class_list":{"0":"post-32419","1":"product","2":"type-product","3":"status-publish","4":"has-post-thumbnail","6":"product_cat-moldes-de-plastico","8":"first","9":"instock","10":"taxable","11":"shipping-taxable","12":"purchasable","13":"product-type-simple"},"acf":[],"_links":{"self":[{"href":"https:\/\/www.coquard.fr\/es\/wp-json\/wp\/v2\/product\/32419","targetHints":{"allow":["GET"]}}],"collection":[{"href":"https:\/\/www.coquard.fr\/es\/wp-json\/wp\/v2\/product"}],"about":[{"href":"https:\/\/www.coquard.fr\/es\/wp-json\/wp\/v2\/types\/product"}],"replies":[{"embeddable":true,"href":"https:\/\/www.coquard.fr\/es\/wp-json\/wp\/v2\/comments?post=32419"}],"wp:featuredmedia":[{"embeddable":true,"href":"https:\/\/www.coquard.fr\/es\/wp-json\/wp\/v2\/media\/24680"}],"wp:attachment":[{"href":"https:\/\/www.coquard.fr\/es\/wp-json\/wp\/v2\/media?parent=32419"}],"wp:term":[{"taxonomy":"product_brand","embeddable":true,"href":"https:\/\/www.coquard.fr\/es\/wp-json\/wp\/v2\/product_brand?post=32419"},{"taxonomy":"product_cat","embeddable":true,"href":"https:\/\/www.coquard.fr\/es\/wp-json\/wp\/v2\/product_cat?post=32419"},{"taxonomy":"product_tag","embeddable":true,"href":"https:\/\/www.coquard.fr\/es\/wp-json\/wp\/v2\/product_tag?post=32419"}],"curies":[{"name":"wp","href":"https:\/\/api.w.org\/{rel}","templated":true}]}}