{"id":32215,"date":"2020-07-17T10:59:33","date_gmt":"2020-07-17T08:59:33","guid":{"rendered":"https:\/\/www.coquard.fr\/produit\/claie-31-fils-630x510-inox-avec-pieds-100-120"},"modified":"2026-02-09T11:35:44","modified_gmt":"2026-02-09T10:35:44","slug":"claie-31-fils-630x510-inox-avec-pieds-100-120","status":"publish","type":"product","link":"https:\/\/www.coquard.fr\/es\/produit\/claie-31-fils-630x510-inox-avec-pieds-100-120","title":{"rendered":"PARRILLA DE INOX. 31 HILOS 630X510 mm PIES 100\/120"},"content":{"rendered":"<p>Ca\u00f1izo de acero inoxidable con pie, 31 hilos, para el desuerado y el afinado de quesos. Altura de los pies 120 mm. Separaci\u00f3n entre 2 ca\u00f1izos apilados 100 mm.<\/p>\n","protected":false},"excerpt":{"rendered":"<p>32215<\/p>\n","protected":false},"featured_media":23969,"comment_status":"closed","ping_status":"closed","template":"","meta":{"_acf_changed":false},"product_brand":[],"product_cat":[1506],"product_tag":[],"class_list":{"0":"post-32215","1":"product","2":"type-product","3":"status-publish","4":"has-post-thumbnail","6":"product_cat-rejillas-parrillas-y-soportes-de-maduracion","8":"first","9":"instock","10":"taxable","11":"shipping-taxable","12":"purchasable","13":"product-type-simple"},"acf":[],"_links":{"self":[{"href":"https:\/\/www.coquard.fr\/es\/wp-json\/wp\/v2\/product\/32215","targetHints":{"allow":["GET"]}}],"collection":[{"href":"https:\/\/www.coquard.fr\/es\/wp-json\/wp\/v2\/product"}],"about":[{"href":"https:\/\/www.coquard.fr\/es\/wp-json\/wp\/v2\/types\/product"}],"replies":[{"embeddable":true,"href":"https:\/\/www.coquard.fr\/es\/wp-json\/wp\/v2\/comments?post=32215"}],"wp:featuredmedia":[{"embeddable":true,"href":"https:\/\/www.coquard.fr\/es\/wp-json\/wp\/v2\/media\/23969"}],"wp:attachment":[{"href":"https:\/\/www.coquard.fr\/es\/wp-json\/wp\/v2\/media?parent=32215"}],"wp:term":[{"taxonomy":"product_brand","embeddable":true,"href":"https:\/\/www.coquard.fr\/es\/wp-json\/wp\/v2\/product_brand?post=32215"},{"taxonomy":"product_cat","embeddable":true,"href":"https:\/\/www.coquard.fr\/es\/wp-json\/wp\/v2\/product_cat?post=32215"},{"taxonomy":"product_tag","embeddable":true,"href":"https:\/\/www.coquard.fr\/es\/wp-json\/wp\/v2\/product_tag?post=32215"}],"curies":[{"name":"wp","href":"https:\/\/api.w.org\/{rel}","templated":true}]}}