{"id":32197,"date":"2020-07-17T10:59:03","date_gmt":"2020-07-17T08:59:03","guid":{"rendered":"https:\/\/www.coquard.fr\/produit\/option-coffret-deporte-pour-053laa"},"modified":"2026-01-08T15:13:52","modified_gmt":"2026-01-08T14:13:52","slug":"option-coffret-deporte-pour-053laa","status":"publish","type":"product","link":"https:\/\/www.coquard.fr\/es\/produit\/option-coffret-deporte-pour-053laa","title":{"rendered":"OPCION CAJA DEPORTADA PARA COLUMNA DE CALENTAMIENTO"},"content":{"rendered":"<p>Caja diferida que permite el control de la rampa de calefacci\u00f3n desde fuera de la c\u00e1mara de fermentaci\u00f3n. Para rampa de calefacci\u00f3n 053LAA \u00fanicamente.<\/p>\n","protected":false},"excerpt":{"rendered":"<p>32197<\/p>\n","protected":false},"featured_media":23963,"comment_status":"closed","ping_status":"closed","template":"","meta":{"_acf_changed":false},"product_brand":[],"product_cat":[1505],"product_tag":[],"class_list":{"0":"post-32197","1":"product","2":"type-product","3":"status-publish","4":"has-post-thumbnail","6":"product_cat-estufa","8":"first","9":"onbackorder","10":"taxable","11":"shipping-taxable","12":"purchasable","13":"product-type-simple"},"acf":[],"_links":{"self":[{"href":"https:\/\/www.coquard.fr\/es\/wp-json\/wp\/v2\/product\/32197","targetHints":{"allow":["GET"]}}],"collection":[{"href":"https:\/\/www.coquard.fr\/es\/wp-json\/wp\/v2\/product"}],"about":[{"href":"https:\/\/www.coquard.fr\/es\/wp-json\/wp\/v2\/types\/product"}],"replies":[{"embeddable":true,"href":"https:\/\/www.coquard.fr\/es\/wp-json\/wp\/v2\/comments?post=32197"}],"wp:featuredmedia":[{"embeddable":true,"href":"https:\/\/www.coquard.fr\/es\/wp-json\/wp\/v2\/media\/23963"}],"wp:attachment":[{"href":"https:\/\/www.coquard.fr\/es\/wp-json\/wp\/v2\/media?parent=32197"}],"wp:term":[{"taxonomy":"product_brand","embeddable":true,"href":"https:\/\/www.coquard.fr\/es\/wp-json\/wp\/v2\/product_brand?post=32197"},{"taxonomy":"product_cat","embeddable":true,"href":"https:\/\/www.coquard.fr\/es\/wp-json\/wp\/v2\/product_cat?post=32197"},{"taxonomy":"product_tag","embeddable":true,"href":"https:\/\/www.coquard.fr\/es\/wp-json\/wp\/v2\/product_tag?post=32197"}],"curies":[{"name":"wp","href":"https:\/\/api.w.org\/{rel}","templated":true}]}}