{"id":32183,"date":"2020-07-17T10:58:43","date_gmt":"2020-07-17T08:58:43","guid":{"rendered":"https:\/\/www.coquard.fr\/produit\/deshumidificateur"},"modified":"2026-02-12T20:20:30","modified_gmt":"2026-02-12T19:20:30","slug":"deshumidificateur","status":"publish","type":"product","link":"https:\/\/www.coquard.fr\/es\/produit\/deshumidificateur","title":{"rendered":"DESHUMIDIFICADOR"},"content":{"rendered":"<p>Permite eliminar la humedad ambiental por condensaci\u00f3n. Con regulador de humedad, cubeta de recuperaci\u00f3n y deshielo autom\u00e1tico. Se utiliza en un local cerrado. Capacidad de deshumidificaci\u00f3n 7 litros\/24H a 15\u00b0C y 10 litros\/24H a 20 \u00b0C.<\/p>\n","protected":false},"excerpt":{"rendered":"<p>32183<\/p>\n","protected":false},"featured_media":23957,"comment_status":"closed","ping_status":"closed","template":"","meta":{"_acf_changed":false},"product_brand":[],"product_cat":[1508],"product_tag":[],"class_list":{"0":"post-32183","1":"product","2":"type-product","3":"status-publish","4":"has-post-thumbnail","6":"product_cat-humidificador-y-deshumidificador","8":"first","9":"onbackorder","10":"taxable","11":"shipping-taxable","12":"purchasable","13":"product-type-simple"},"acf":[],"_links":{"self":[{"href":"https:\/\/www.coquard.fr\/es\/wp-json\/wp\/v2\/product\/32183","targetHints":{"allow":["GET"]}}],"collection":[{"href":"https:\/\/www.coquard.fr\/es\/wp-json\/wp\/v2\/product"}],"about":[{"href":"https:\/\/www.coquard.fr\/es\/wp-json\/wp\/v2\/types\/product"}],"replies":[{"embeddable":true,"href":"https:\/\/www.coquard.fr\/es\/wp-json\/wp\/v2\/comments?post=32183"}],"wp:featuredmedia":[{"embeddable":true,"href":"https:\/\/www.coquard.fr\/es\/wp-json\/wp\/v2\/media\/23957"}],"wp:attachment":[{"href":"https:\/\/www.coquard.fr\/es\/wp-json\/wp\/v2\/media?parent=32183"}],"wp:term":[{"taxonomy":"product_brand","embeddable":true,"href":"https:\/\/www.coquard.fr\/es\/wp-json\/wp\/v2\/product_brand?post=32183"},{"taxonomy":"product_cat","embeddable":true,"href":"https:\/\/www.coquard.fr\/es\/wp-json\/wp\/v2\/product_cat?post=32183"},{"taxonomy":"product_tag","embeddable":true,"href":"https:\/\/www.coquard.fr\/es\/wp-json\/wp\/v2\/product_tag?post=32183"}],"curies":[{"name":"wp","href":"https:\/\/api.w.org\/{rel}","templated":true}]}}