{"id":32163,"date":"2020-07-17T10:58:17","date_gmt":"2020-07-17T08:58:17","guid":{"rendered":"https:\/\/www.coquard.fr\/produit\/plate-forme-600-x-400-en-plastique"},"modified":"2026-01-08T15:12:52","modified_gmt":"2026-01-08T14:12:52","slug":"plate-forme-600-x-400-en-plastique","status":"publish","type":"product","link":"https:\/\/www.coquard.fr\/es\/produit\/plate-forme-600-x-400-en-plastique","title":{"rendered":"PLATAFORMA RODANTE DE PLASTICO PARA CAJAS"},"content":{"rendered":"<p>Plataforma ideal para almacenar y desplazar las cajas de pl\u00e1stico 600 mm x 400 mm. Seis ruedas fijas, de las cuales dos descentradas para facilitar la rotaci\u00f3n. Base de pl\u00e1stico ABS.<\/p>\n","protected":false},"excerpt":{"rendered":"<p>32163<\/p>\n","protected":false},"featured_media":24275,"comment_status":"closed","ping_status":"closed","template":"","meta":{"_acf_changed":false},"product_brand":[],"product_cat":[1595],"product_tag":[],"class_list":{"0":"post-32163","1":"product","2":"type-product","3":"status-publish","4":"has-post-thumbnail","6":"product_cat-cajas-de-transporte","8":"first","9":"instock","10":"taxable","11":"shipping-taxable","12":"purchasable","13":"product-type-simple"},"acf":[],"_links":{"self":[{"href":"https:\/\/www.coquard.fr\/es\/wp-json\/wp\/v2\/product\/32163","targetHints":{"allow":["GET"]}}],"collection":[{"href":"https:\/\/www.coquard.fr\/es\/wp-json\/wp\/v2\/product"}],"about":[{"href":"https:\/\/www.coquard.fr\/es\/wp-json\/wp\/v2\/types\/product"}],"replies":[{"embeddable":true,"href":"https:\/\/www.coquard.fr\/es\/wp-json\/wp\/v2\/comments?post=32163"}],"wp:featuredmedia":[{"embeddable":true,"href":"https:\/\/www.coquard.fr\/es\/wp-json\/wp\/v2\/media\/24275"}],"wp:attachment":[{"href":"https:\/\/www.coquard.fr\/es\/wp-json\/wp\/v2\/media?parent=32163"}],"wp:term":[{"taxonomy":"product_brand","embeddable":true,"href":"https:\/\/www.coquard.fr\/es\/wp-json\/wp\/v2\/product_brand?post=32163"},{"taxonomy":"product_cat","embeddable":true,"href":"https:\/\/www.coquard.fr\/es\/wp-json\/wp\/v2\/product_cat?post=32163"},{"taxonomy":"product_tag","embeddable":true,"href":"https:\/\/www.coquard.fr\/es\/wp-json\/wp\/v2\/product_tag?post=32163"}],"curies":[{"name":"wp","href":"https:\/\/api.w.org\/{rel}","templated":true}]}}