{"id":32161,"date":"2020-07-17T10:58:13","date_gmt":"2020-07-17T08:58:13","guid":{"rendered":"https:\/\/www.coquard.fr\/produit\/roule-pile-inox-pour-claies-630-x-510-mm"},"modified":"2026-04-26T23:27:32","modified_gmt":"2026-04-26T21:27:32","slug":"roule-pile-inox-pour-claies-630-x-510-mm","status":"publish","type":"product","link":"https:\/\/www.coquard.fr\/es\/produit\/roule-pile-inox-pour-claies-630-x-510-mm","title":{"rendered":"PLATAFORMA RODANTE PARA PARRILLAS 630 X 510 mm"},"content":{"rendered":"<p>Plataforma ideal para almacenar y desplazar los ca\u00f1izos 630 mm x 510 mm o las cajas 600 mm x 400 mm. Cuatro orificios que permiten la sujeci\u00f3n de los ca\u00f1izos. Ocho calces para el mantenimiento de las cajas de pl\u00e1stico. Horquilla de acero inoxidable con 4 ruedas giratorias. Alcance \ufeffm\u00e1ximo 300 kg.<\/p>\n","protected":false},"excerpt":{"rendered":"<p>32161<\/p>\n","protected":false},"featured_media":76257,"comment_status":"closed","ping_status":"closed","template":"","meta":{"_acf_changed":false},"product_brand":[],"product_cat":[1506],"product_tag":[],"class_list":{"0":"post-32161","1":"product","2":"type-product","3":"status-publish","4":"has-post-thumbnail","6":"product_cat-rejillas-parrillas-y-soportes-de-maduracion","8":"first","9":"instock","10":"sale","11":"taxable","12":"shipping-taxable","13":"purchasable","14":"product-type-simple"},"acf":[],"_links":{"self":[{"href":"https:\/\/www.coquard.fr\/es\/wp-json\/wp\/v2\/product\/32161","targetHints":{"allow":["GET"]}}],"collection":[{"href":"https:\/\/www.coquard.fr\/es\/wp-json\/wp\/v2\/product"}],"about":[{"href":"https:\/\/www.coquard.fr\/es\/wp-json\/wp\/v2\/types\/product"}],"replies":[{"embeddable":true,"href":"https:\/\/www.coquard.fr\/es\/wp-json\/wp\/v2\/comments?post=32161"}],"wp:featuredmedia":[{"embeddable":true,"href":"https:\/\/www.coquard.fr\/es\/wp-json\/wp\/v2\/media\/76257"}],"wp:attachment":[{"href":"https:\/\/www.coquard.fr\/es\/wp-json\/wp\/v2\/media?parent=32161"}],"wp:term":[{"taxonomy":"product_brand","embeddable":true,"href":"https:\/\/www.coquard.fr\/es\/wp-json\/wp\/v2\/product_brand?post=32161"},{"taxonomy":"product_cat","embeddable":true,"href":"https:\/\/www.coquard.fr\/es\/wp-json\/wp\/v2\/product_cat?post=32161"},{"taxonomy":"product_tag","embeddable":true,"href":"https:\/\/www.coquard.fr\/es\/wp-json\/wp\/v2\/product_tag?post=32161"}],"curies":[{"name":"wp","href":"https:\/\/api.w.org\/{rel}","templated":true}]}}