{"id":32153,"date":"2020-07-17T10:57:54","date_gmt":"2020-07-17T08:57:54","guid":{"rendered":"https:\/\/www.coquard.fr\/produit\/paillon-plastique-larg-30cm-jaune"},"modified":"2026-01-08T15:12:32","modified_gmt":"2026-01-08T14:12:32","slug":"paillon-plastique-larg-30cm-jaune","status":"publish","type":"product","link":"https:\/\/www.coquard.fr\/es\/produit\/paillon-plastique-larg-30cm-jaune","title":{"rendered":"ESTERILLA AMARILLA DE PL\u00c1STICO"},"content":{"rendered":"<p>Funda de paja pl\u00e1stica, longitud 30cm, caja de 100 o 120 metros lineales seg\u00fan entregas. Uso: para la presentaci\u00f3n de quesos a la venta. Precio del metro lineal. Vendido por caja.<\/p>\n","protected":false},"excerpt":{"rendered":"<p>32153<\/p>\n","protected":false},"featured_media":25673,"comment_status":"closed","ping_status":"closed","template":"","meta":{"_acf_changed":false},"product_brand":[],"product_cat":[1566],"product_tag":[],"class_list":{"0":"post-32153","1":"product","2":"type-product","3":"status-publish","4":"has-post-thumbnail","6":"product_cat-esterillas-de-paja-y-de-plastico","8":"first","9":"instock","10":"taxable","11":"shipping-taxable","12":"purchasable","13":"product-type-simple"},"acf":[],"_links":{"self":[{"href":"https:\/\/www.coquard.fr\/es\/wp-json\/wp\/v2\/product\/32153","targetHints":{"allow":["GET"]}}],"collection":[{"href":"https:\/\/www.coquard.fr\/es\/wp-json\/wp\/v2\/product"}],"about":[{"href":"https:\/\/www.coquard.fr\/es\/wp-json\/wp\/v2\/types\/product"}],"replies":[{"embeddable":true,"href":"https:\/\/www.coquard.fr\/es\/wp-json\/wp\/v2\/comments?post=32153"}],"wp:featuredmedia":[{"embeddable":true,"href":"https:\/\/www.coquard.fr\/es\/wp-json\/wp\/v2\/media\/25673"}],"wp:attachment":[{"href":"https:\/\/www.coquard.fr\/es\/wp-json\/wp\/v2\/media?parent=32153"}],"wp:term":[{"taxonomy":"product_brand","embeddable":true,"href":"https:\/\/www.coquard.fr\/es\/wp-json\/wp\/v2\/product_brand?post=32153"},{"taxonomy":"product_cat","embeddable":true,"href":"https:\/\/www.coquard.fr\/es\/wp-json\/wp\/v2\/product_cat?post=32153"},{"taxonomy":"product_tag","embeddable":true,"href":"https:\/\/www.coquard.fr\/es\/wp-json\/wp\/v2\/product_tag?post=32153"}],"curies":[{"name":"wp","href":"https:\/\/api.w.org\/{rel}","templated":true}]}}