{"id":32051,"date":"2020-07-17T10:55:33","date_gmt":"2020-07-17T08:55:33","guid":{"rendered":"https:\/\/www.coquard.fr\/produit\/bac-moul-2000x800x200-ext"},"modified":"2026-01-08T15:08:58","modified_gmt":"2026-01-08T14:08:58","slug":"bac-moul-2000x800x200-ext","status":"publish","type":"product","link":"https:\/\/www.coquard.fr\/es\/produit\/bac-moul-2000x800x200-ext","title":{"rendered":"BANDEJA DE MOLDEADO AJUSTABLE EN ALTURA 2000 X 800 mm"},"content":{"rendered":"<p>Bandeja de moldeo que permite un moldeo por gravedad desde una tina quesera. Los pies ajustables autom\u00e1ticos permiten bajar la bandeja por debajo de la evacuaci\u00f3n de la tina quesera. Dimensiones de la bandeja 2.000 mm x 800 mm. Altura interior 200 mm. Altura en posici\u00f3n superior 820 mm. Requiere el uso de un p\u00f3rtico + un aparejo para el levantamiento (Ref. 046ABA).<\/p>\n","protected":false},"excerpt":{"rendered":"<p>32051<\/p>\n","protected":false},"featured_media":23510,"comment_status":"closed","ping_status":"closed","template":"","meta":{"_acf_changed":false},"product_brand":[],"product_cat":[1531],"product_tag":[],"class_list":{"0":"post-32051","1":"product","2":"type-product","3":"status-publish","4":"has-post-thumbnail","6":"product_cat-mesas-de-desuerado-y-de-embalaje","8":"first","9":"onbackorder","10":"taxable","11":"shipping-taxable","12":"purchasable","13":"product-type-simple"},"acf":[],"_links":{"self":[{"href":"https:\/\/www.coquard.fr\/es\/wp-json\/wp\/v2\/product\/32051","targetHints":{"allow":["GET"]}}],"collection":[{"href":"https:\/\/www.coquard.fr\/es\/wp-json\/wp\/v2\/product"}],"about":[{"href":"https:\/\/www.coquard.fr\/es\/wp-json\/wp\/v2\/types\/product"}],"replies":[{"embeddable":true,"href":"https:\/\/www.coquard.fr\/es\/wp-json\/wp\/v2\/comments?post=32051"}],"wp:featuredmedia":[{"embeddable":true,"href":"https:\/\/www.coquard.fr\/es\/wp-json\/wp\/v2\/media\/23510"}],"wp:attachment":[{"href":"https:\/\/www.coquard.fr\/es\/wp-json\/wp\/v2\/media?parent=32051"}],"wp:term":[{"taxonomy":"product_brand","embeddable":true,"href":"https:\/\/www.coquard.fr\/es\/wp-json\/wp\/v2\/product_brand?post=32051"},{"taxonomy":"product_cat","embeddable":true,"href":"https:\/\/www.coquard.fr\/es\/wp-json\/wp\/v2\/product_cat?post=32051"},{"taxonomy":"product_tag","embeddable":true,"href":"https:\/\/www.coquard.fr\/es\/wp-json\/wp\/v2\/product_tag?post=32051"}],"curies":[{"name":"wp","href":"https:\/\/api.w.org\/{rel}","templated":true}]}}