{"id":31969,"date":"2020-07-17T10:53:10","date_gmt":"2020-07-17T08:53:10","guid":{"rendered":"https:\/\/www.coquard.fr\/produit\/repart-inox-5x8t-pour-40-moules-58laa"},"modified":"2026-04-02T21:18:00","modified_gmt":"2026-04-02T19:18:00","slug":"repart-inox-5x8t-pour-40-moules-58laa","status":"publish","type":"product","link":"https:\/\/www.coquard.fr\/es\/produit\/repart-inox-5x8t-pour-40-moules-58laa","title":{"rendered":"REPARTIDOR DE INOXIDABLE PARA MOLDES RODILLO 55 mm"},"content":{"rendered":"<p>Distribuidor para facilitar y acelerar el moldeo en moldes individuales. Para 40 moldes B\u00fbche sin fondo (Ref. 058LAA), o todos los dem\u00e1s moldes de di\u00e1metro exterior de 61 mm y di\u00e1metro interior de 55 mm. 8 x 5 orificios en l\u00ednea (40). Peso 2,7 kg.<\/p>\n","protected":false},"excerpt":{"rendered":"<p>31969<\/p>\n","protected":false},"featured_media":24335,"comment_status":"closed","ping_status":"closed","template":"","meta":{"_acf_changed":false},"product_brand":[],"product_cat":[1541],"product_tag":[],"class_list":{"0":"post-31969","1":"product","2":"type-product","3":"status-publish","4":"has-post-thumbnail","6":"product_cat-repartidores-de-inoxidable","8":"first","9":"instock","10":"taxable","11":"shipping-taxable","12":"purchasable","13":"product-type-simple"},"acf":[],"_links":{"self":[{"href":"https:\/\/www.coquard.fr\/es\/wp-json\/wp\/v2\/product\/31969","targetHints":{"allow":["GET"]}}],"collection":[{"href":"https:\/\/www.coquard.fr\/es\/wp-json\/wp\/v2\/product"}],"about":[{"href":"https:\/\/www.coquard.fr\/es\/wp-json\/wp\/v2\/types\/product"}],"replies":[{"embeddable":true,"href":"https:\/\/www.coquard.fr\/es\/wp-json\/wp\/v2\/comments?post=31969"}],"wp:featuredmedia":[{"embeddable":true,"href":"https:\/\/www.coquard.fr\/es\/wp-json\/wp\/v2\/media\/24335"}],"wp:attachment":[{"href":"https:\/\/www.coquard.fr\/es\/wp-json\/wp\/v2\/media?parent=31969"}],"wp:term":[{"taxonomy":"product_brand","embeddable":true,"href":"https:\/\/www.coquard.fr\/es\/wp-json\/wp\/v2\/product_brand?post=31969"},{"taxonomy":"product_cat","embeddable":true,"href":"https:\/\/www.coquard.fr\/es\/wp-json\/wp\/v2\/product_cat?post=31969"},{"taxonomy":"product_tag","embeddable":true,"href":"https:\/\/www.coquard.fr\/es\/wp-json\/wp\/v2\/product_tag?post=31969"}],"curies":[{"name":"wp","href":"https:\/\/api.w.org\/{rel}","templated":true}]}}