{"id":31963,"date":"2020-07-17T10:53:01","date_gmt":"2020-07-17T08:53:01","guid":{"rendered":"https:\/\/www.coquard.fr\/produit\/repartiteur-inox-5x6-trous-pour-058bea"},"modified":"2026-01-08T15:05:43","modified_gmt":"2026-01-08T14:05:43","slug":"repartiteur-inox-5x6-trous-pour-058bea","status":"publish","type":"product","link":"https:\/\/www.coquard.fr\/es\/produit\/repartiteur-inox-5x6-trous-pour-058bea","title":{"rendered":"REPARTIDOR DE INOXIDABLE PARA MOLDES DIAMETRO 80 mm"},"content":{"rendered":"<p>Distribuidor para facilitar y acelerar el moldeo en moldes individuales. 5 x 6 orificios en l\u00ednea (30). Para moldes Cabrion grande (Ref. 058BEA), o todos los dem\u00e1s moldes de di\u00e1metro exterior de 82 mm y di\u00e1metro interior de 80 mm. Dimensiones 630 mm x 510 mm x Borde 50 mm. Peso 4 kg aproximadamente.<\/p>\n","protected":false},"excerpt":{"rendered":"<p>31963<\/p>\n","protected":false},"featured_media":25568,"comment_status":"closed","ping_status":"closed","template":"","meta":{"_acf_changed":false},"product_brand":[],"product_cat":[1541],"product_tag":[],"class_list":{"0":"post-31963","1":"product","2":"type-product","3":"status-publish","4":"has-post-thumbnail","6":"product_cat-repartidores-de-inoxidable","8":"first","9":"instock","10":"taxable","11":"shipping-taxable","12":"purchasable","13":"product-type-simple"},"acf":[],"_links":{"self":[{"href":"https:\/\/www.coquard.fr\/es\/wp-json\/wp\/v2\/product\/31963","targetHints":{"allow":["GET"]}}],"collection":[{"href":"https:\/\/www.coquard.fr\/es\/wp-json\/wp\/v2\/product"}],"about":[{"href":"https:\/\/www.coquard.fr\/es\/wp-json\/wp\/v2\/types\/product"}],"replies":[{"embeddable":true,"href":"https:\/\/www.coquard.fr\/es\/wp-json\/wp\/v2\/comments?post=31963"}],"wp:featuredmedia":[{"embeddable":true,"href":"https:\/\/www.coquard.fr\/es\/wp-json\/wp\/v2\/media\/25568"}],"wp:attachment":[{"href":"https:\/\/www.coquard.fr\/es\/wp-json\/wp\/v2\/media?parent=31963"}],"wp:term":[{"taxonomy":"product_brand","embeddable":true,"href":"https:\/\/www.coquard.fr\/es\/wp-json\/wp\/v2\/product_brand?post=31963"},{"taxonomy":"product_cat","embeddable":true,"href":"https:\/\/www.coquard.fr\/es\/wp-json\/wp\/v2\/product_cat?post=31963"},{"taxonomy":"product_tag","embeddable":true,"href":"https:\/\/www.coquard.fr\/es\/wp-json\/wp\/v2\/product_tag?post=31963"}],"curies":[{"name":"wp","href":"https:\/\/api.w.org\/{rel}","templated":true}]}}