{"id":31955,"date":"2020-07-17T10:52:50","date_gmt":"2020-07-17T08:52:50","guid":{"rendered":"https:\/\/www.coquard.fr\/produit\/repartiteur-inox-42-trous-pour-058cia"},"modified":"2026-01-08T15:05:22","modified_gmt":"2026-01-08T14:05:22","slug":"repartiteur-inox-42-trous-pour-058cia","status":"publish","type":"product","link":"https:\/\/www.coquard.fr\/es\/produit\/repartiteur-inox-42-trous-pour-058cia","title":{"rendered":"REPARTIDOR DE INOXIDABLE PARA MOLDES DIAMETRO 77 mm"},"content":{"rendered":"<p>Distribuidor para facilitar y acelerar el moldeo en moldes individuales. 6 x 7 orificios en l\u00ednea (42). Para moldes con pies (Ref. 058CIA), o todos los dem\u00e1s moldes de di\u00e1metro exterior de 82 mm y di\u00e1metro interior de 77 mm. Dimensiones 630 mm x 510 mm x Borde 50 mm. Peso 4 kg aproximadamente.<\/p>\n","protected":false},"excerpt":{"rendered":"<p>31955<\/p>\n","protected":false},"featured_media":25289,"comment_status":"closed","ping_status":"closed","template":"","meta":{"_acf_changed":false},"product_brand":[],"product_cat":[1541],"product_tag":[],"class_list":{"0":"post-31955","1":"product","2":"type-product","3":"status-publish","4":"has-post-thumbnail","6":"product_cat-repartidores-de-inoxidable","8":"first","9":"onbackorder","10":"taxable","11":"shipping-taxable","12":"purchasable","13":"product-type-simple"},"acf":[],"_links":{"self":[{"href":"https:\/\/www.coquard.fr\/es\/wp-json\/wp\/v2\/product\/31955","targetHints":{"allow":["GET"]}}],"collection":[{"href":"https:\/\/www.coquard.fr\/es\/wp-json\/wp\/v2\/product"}],"about":[{"href":"https:\/\/www.coquard.fr\/es\/wp-json\/wp\/v2\/types\/product"}],"replies":[{"embeddable":true,"href":"https:\/\/www.coquard.fr\/es\/wp-json\/wp\/v2\/comments?post=31955"}],"wp:featuredmedia":[{"embeddable":true,"href":"https:\/\/www.coquard.fr\/es\/wp-json\/wp\/v2\/media\/25289"}],"wp:attachment":[{"href":"https:\/\/www.coquard.fr\/es\/wp-json\/wp\/v2\/media?parent=31955"}],"wp:term":[{"taxonomy":"product_brand","embeddable":true,"href":"https:\/\/www.coquard.fr\/es\/wp-json\/wp\/v2\/product_brand?post=31955"},{"taxonomy":"product_cat","embeddable":true,"href":"https:\/\/www.coquard.fr\/es\/wp-json\/wp\/v2\/product_cat?post=31955"},{"taxonomy":"product_tag","embeddable":true,"href":"https:\/\/www.coquard.fr\/es\/wp-json\/wp\/v2\/product_tag?post=31955"}],"curies":[{"name":"wp","href":"https:\/\/api.w.org\/{rel}","templated":true}]}}