{"id":31919,"date":"2020-07-17T10:51:54","date_gmt":"2020-07-17T08:51:54","guid":{"rendered":"https:\/\/www.coquard.fr\/produit\/repartiteur-inox-pour-058cga"},"modified":"2026-04-02T21:17:56","modified_gmt":"2026-04-02T19:17:56","slug":"repartiteur-inox-pour-058cga","status":"publish","type":"product","link":"https:\/\/www.coquard.fr\/es\/produit\/repartiteur-inox-pour-058cga","title":{"rendered":"REPARTIDOR DE INOXIDABLE PARA MOLDES DIAMETRO 87 mm"},"content":{"rendered":"<p>Distribuidor para facilitar y acelerar el moldeo en moldes individuales. 4 x 7 orificios al tresbolillo (28). Para moldes Picodon (Ref. 058CGA), moldes St-Marcellin bajo (Ref. 058CDA) o todos los dem\u00e1s moldes de di\u00e1metro exterior 93 mm y di\u00e1metro interior 87 mm. Dimensiones 630 mm x 510 mm x Borde 50 mm. Peso 4,2 kg.<\/p>\n","protected":false},"excerpt":{"rendered":"<p>31919<\/p>\n","protected":false},"featured_media":24950,"comment_status":"closed","ping_status":"closed","template":"","meta":{"_acf_changed":false},"product_brand":[],"product_cat":[1541],"product_tag":[],"class_list":{"0":"post-31919","1":"product","2":"type-product","3":"status-publish","4":"has-post-thumbnail","6":"product_cat-repartidores-de-inoxidable","8":"first","9":"onbackorder","10":"taxable","11":"shipping-taxable","12":"purchasable","13":"product-type-simple"},"acf":[],"_links":{"self":[{"href":"https:\/\/www.coquard.fr\/es\/wp-json\/wp\/v2\/product\/31919","targetHints":{"allow":["GET"]}}],"collection":[{"href":"https:\/\/www.coquard.fr\/es\/wp-json\/wp\/v2\/product"}],"about":[{"href":"https:\/\/www.coquard.fr\/es\/wp-json\/wp\/v2\/types\/product"}],"replies":[{"embeddable":true,"href":"https:\/\/www.coquard.fr\/es\/wp-json\/wp\/v2\/comments?post=31919"}],"wp:featuredmedia":[{"embeddable":true,"href":"https:\/\/www.coquard.fr\/es\/wp-json\/wp\/v2\/media\/24950"}],"wp:attachment":[{"href":"https:\/\/www.coquard.fr\/es\/wp-json\/wp\/v2\/media?parent=31919"}],"wp:term":[{"taxonomy":"product_brand","embeddable":true,"href":"https:\/\/www.coquard.fr\/es\/wp-json\/wp\/v2\/product_brand?post=31919"},{"taxonomy":"product_cat","embeddable":true,"href":"https:\/\/www.coquard.fr\/es\/wp-json\/wp\/v2\/product_cat?post=31919"},{"taxonomy":"product_tag","embeddable":true,"href":"https:\/\/www.coquard.fr\/es\/wp-json\/wp\/v2\/product_tag?post=31919"}],"curies":[{"name":"wp","href":"https:\/\/api.w.org\/{rel}","templated":true}]}}