{"id":31911,"date":"2020-07-17T10:51:43","date_gmt":"2020-07-17T08:51:43","guid":{"rendered":"https:\/\/www.coquard.fr\/produit\/repartiteur-inox-4x4-pour-058paa"},"modified":"2026-03-27T20:17:16","modified_gmt":"2026-03-27T19:17:16","slug":"repartiteur-inox-4x4-pour-058paa","status":"publish","type":"product","link":"https:\/\/www.coquard.fr\/es\/produit\/repartiteur-inox-4x4-pour-058paa","title":{"rendered":"REPARTIDOR DE INOXIDABLE PARA MOLDES DIAMETRO 135 mm"},"content":{"rendered":"<p>Distribuidor para facilitar y acelerar el moldeo en moldes individuales. 4 x 4 orificios al tresbolillo (16). Para moldes Reblochon con fondo (Ref. 058PAA), o todos los dem\u00e1s moldes de di\u00e1metro exterior de 143 mm y di\u00e1metro interior de 135 mm. Dimensiones 630 mm x 510 mm x Borde 50 mm. Peso 4 kg aproximadamente.<\/p>\n","protected":false},"excerpt":{"rendered":"<p>31911<\/p>\n","protected":false},"featured_media":42828,"comment_status":"closed","ping_status":"closed","template":"","meta":{"_acf_changed":false},"product_brand":[],"product_cat":[1541],"product_tag":[],"class_list":{"0":"post-31911","1":"product","2":"type-product","3":"status-publish","4":"has-post-thumbnail","6":"product_cat-repartidores-de-inoxidable","8":"first","9":"onbackorder","10":"taxable","11":"shipping-taxable","12":"purchasable","13":"product-type-simple"},"acf":[],"_links":{"self":[{"href":"https:\/\/www.coquard.fr\/es\/wp-json\/wp\/v2\/product\/31911","targetHints":{"allow":["GET"]}}],"collection":[{"href":"https:\/\/www.coquard.fr\/es\/wp-json\/wp\/v2\/product"}],"about":[{"href":"https:\/\/www.coquard.fr\/es\/wp-json\/wp\/v2\/types\/product"}],"replies":[{"embeddable":true,"href":"https:\/\/www.coquard.fr\/es\/wp-json\/wp\/v2\/comments?post=31911"}],"wp:featuredmedia":[{"embeddable":true,"href":"https:\/\/www.coquard.fr\/es\/wp-json\/wp\/v2\/media\/42828"}],"wp:attachment":[{"href":"https:\/\/www.coquard.fr\/es\/wp-json\/wp\/v2\/media?parent=31911"}],"wp:term":[{"taxonomy":"product_brand","embeddable":true,"href":"https:\/\/www.coquard.fr\/es\/wp-json\/wp\/v2\/product_brand?post=31911"},{"taxonomy":"product_cat","embeddable":true,"href":"https:\/\/www.coquard.fr\/es\/wp-json\/wp\/v2\/product_cat?post=31911"},{"taxonomy":"product_tag","embeddable":true,"href":"https:\/\/www.coquard.fr\/es\/wp-json\/wp\/v2\/product_tag?post=31911"}],"curies":[{"name":"wp","href":"https:\/\/api.w.org\/{rel}","templated":true}]}}