{"id":31883,"date":"2020-07-17T10:51:02","date_gmt":"2020-07-17T08:51:02","guid":{"rendered":"https:\/\/www.coquard.fr\/produit\/presse-a-fromages-2-verins"},"modified":"2026-02-24T20:17:45","modified_gmt":"2026-02-24T19:17:45","slug":"presse-a-fromages-2-verins","status":"publish","type":"product","link":"https:\/\/www.coquard.fr\/es\/produit\/presse-a-fromages-2-verins","title":{"rendered":"PRENSA NEUMATICA PARA QUESO 2 PISTONES"},"content":{"rendered":"<p>Para el prensado de quesos de pasta prensada. Dos cilindros neum\u00e1ticos con cuerpo de aluminio y v\u00e1stago de acero inoxidable. Bastidor de la prensa de acero inoxidable. Capacidad de un cilindro 20 quesos de tipo Tomme o 5 quesos de tipo Raclette. Mando y ajuste de presi\u00f3n a trav\u00e9s de un man\u00f3metro independiente en cada cilindro. Prensado entre 0.3 y 5.0 bares seg\u00fan el tipo de molde y el tipo de \ufefftecnolog\u00eda quesera. Con conductos que permiten la evacuaci\u00f3n del suero. Altura \u00fatil bajo cilindros 1.100 mm. Altura total 2.250 mm. Profundidad 650 mm. Anchura 1350 mm. Placa de prensado de acero inoxidable no incluida (Ref. 042BBA). Material entregado desmontado (Base\/Montante\/Cilindro). Funciona con un compresor de 5 bares no incluido.<\/p>\n","protected":false},"excerpt":{"rendered":"<p>31883<\/p>\n","protected":false},"featured_media":24200,"comment_status":"closed","ping_status":"closed","template":"","meta":{"_acf_changed":false},"product_brand":[],"product_cat":[1519],"product_tag":[],"class_list":{"0":"post-31883","1":"product","2":"type-product","3":"status-publish","4":"has-post-thumbnail","6":"product_cat-prensas-pinchadoras-salmuera-para-queso","8":"first","9":"onbackorder","10":"taxable","11":"shipping-taxable","12":"purchasable","13":"product-type-simple"},"acf":[],"_links":{"self":[{"href":"https:\/\/www.coquard.fr\/es\/wp-json\/wp\/v2\/product\/31883","targetHints":{"allow":["GET"]}}],"collection":[{"href":"https:\/\/www.coquard.fr\/es\/wp-json\/wp\/v2\/product"}],"about":[{"href":"https:\/\/www.coquard.fr\/es\/wp-json\/wp\/v2\/types\/product"}],"replies":[{"embeddable":true,"href":"https:\/\/www.coquard.fr\/es\/wp-json\/wp\/v2\/comments?post=31883"}],"wp:featuredmedia":[{"embeddable":true,"href":"https:\/\/www.coquard.fr\/es\/wp-json\/wp\/v2\/media\/24200"}],"wp:attachment":[{"href":"https:\/\/www.coquard.fr\/es\/wp-json\/wp\/v2\/media?parent=31883"}],"wp:term":[{"taxonomy":"product_brand","embeddable":true,"href":"https:\/\/www.coquard.fr\/es\/wp-json\/wp\/v2\/product_brand?post=31883"},{"taxonomy":"product_cat","embeddable":true,"href":"https:\/\/www.coquard.fr\/es\/wp-json\/wp\/v2\/product_cat?post=31883"},{"taxonomy":"product_tag","embeddable":true,"href":"https:\/\/www.coquard.fr\/es\/wp-json\/wp\/v2\/product_tag?post=31883"}],"curies":[{"name":"wp","href":"https:\/\/api.w.org\/{rel}","templated":true}]}}