{"id":31879,"date":"2020-07-17T10:50:56","date_gmt":"2020-07-17T08:50:56","guid":{"rendered":"https:\/\/www.coquard.fr\/produit\/presse-a-fromages-1-verin-ht-2250"},"modified":"2026-02-24T20:17:41","modified_gmt":"2026-02-24T19:17:41","slug":"presse-a-fromages-1-verin-ht-2250","status":"publish","type":"product","link":"https:\/\/www.coquard.fr\/es\/produit\/presse-a-fromages-1-verin-ht-2250","title":{"rendered":"PRENSA NEUMATICA PARA QUESO 1 PISTON MODELO ALTO"},"content":{"rendered":"<p>Para el prensado de quesos de pasta prensada. Cilindro neum\u00e1tico con cuerpo de aluminio y v\u00e1stago de acero inoxidable. Bastidor de la prensa de acero inoxidable. Capacidad del cilindro 20 quesos de tipo Tomme o 5 quesos de tipo Raclette. Mando y ajuste de presi\u00f3n a trav\u00e9s de un man\u00f3metro. Prensado entre 0.3 y 5.0 bares seg\u00fan el tipo de molde y el tipo de \ufefftecnolog\u00eda quesera. Con conducto que permite la evacuaci\u00f3n del suero. Altura \u00fatil bajo cilindros 1.100 mm. Altura total 2.250 mm. Profundidad 650 mm. Anchura 700 mm. Placa de prensado de acero inoxidable no incluida (Ref. 042BBA). Material entregado desmontado (Base\/Montante\/Cilindro). Funciona con un compresor de 5 bares no incluido.<\/p>\n","protected":false},"excerpt":{"rendered":"<p>31879<\/p>\n","protected":false},"featured_media":23894,"comment_status":"closed","ping_status":"closed","template":"","meta":{"_acf_changed":false},"product_brand":[],"product_cat":[1519],"product_tag":[],"class_list":{"0":"post-31879","1":"product","2":"type-product","3":"status-publish","4":"has-post-thumbnail","6":"product_cat-prensas-pinchadoras-salmuera-para-queso","8":"first","9":"instock","10":"taxable","11":"shipping-taxable","12":"purchasable","13":"product-type-simple"},"acf":[],"_links":{"self":[{"href":"https:\/\/www.coquard.fr\/es\/wp-json\/wp\/v2\/product\/31879","targetHints":{"allow":["GET"]}}],"collection":[{"href":"https:\/\/www.coquard.fr\/es\/wp-json\/wp\/v2\/product"}],"about":[{"href":"https:\/\/www.coquard.fr\/es\/wp-json\/wp\/v2\/types\/product"}],"replies":[{"embeddable":true,"href":"https:\/\/www.coquard.fr\/es\/wp-json\/wp\/v2\/comments?post=31879"}],"wp:featuredmedia":[{"embeddable":true,"href":"https:\/\/www.coquard.fr\/es\/wp-json\/wp\/v2\/media\/23894"}],"wp:attachment":[{"href":"https:\/\/www.coquard.fr\/es\/wp-json\/wp\/v2\/media?parent=31879"}],"wp:term":[{"taxonomy":"product_brand","embeddable":true,"href":"https:\/\/www.coquard.fr\/es\/wp-json\/wp\/v2\/product_brand?post=31879"},{"taxonomy":"product_cat","embeddable":true,"href":"https:\/\/www.coquard.fr\/es\/wp-json\/wp\/v2\/product_cat?post=31879"},{"taxonomy":"product_tag","embeddable":true,"href":"https:\/\/www.coquard.fr\/es\/wp-json\/wp\/v2\/product_tag?post=31879"}],"curies":[{"name":"wp","href":"https:\/\/api.w.org\/{rel}","templated":true}]}}