{"id":31843,"date":"2020-07-17T10:50:04","date_gmt":"2020-07-17T08:50:04","guid":{"rendered":"https:\/\/www.coquard.fr\/produit\/louche-de-moulage-120-mm"},"modified":"2026-04-26T21:56:54","modified_gmt":"2026-04-26T19:56:54","slug":"louche-de-moulage-120-mm","status":"publish","type":"product","link":"https:\/\/www.coquard.fr\/es\/produit\/louche-de-moulage-120-mm","title":{"rendered":"CUCHARON DE MOLDEADO DIAMETRO 120 MM"},"content":{"rendered":"<p>Cuchar\u00f3n de moldeo con mango horizontal de acero inoxidable 304L. Longitud del mango 200 mm. Di\u00e1metro del cuchar\u00f3n 120 mm. Volumen del cuchar\u00f3n 450 ml.<\/p>\n","protected":false},"excerpt":{"rendered":"<p>31843<\/p>\n","protected":false},"featured_media":23882,"comment_status":"closed","ping_status":"closed","template":"","meta":{"_acf_changed":false},"product_brand":[],"product_cat":[1489],"product_tag":[],"class_list":{"0":"post-31843","1":"product","2":"type-product","3":"status-publish","4":"has-post-thumbnail","6":"product_cat-barrenos-y-materiales-de-cuajadura","8":"first","9":"instock","10":"taxable","11":"shipping-taxable","12":"purchasable","13":"product-type-simple"},"acf":[],"_links":{"self":[{"href":"https:\/\/www.coquard.fr\/es\/wp-json\/wp\/v2\/product\/31843","targetHints":{"allow":["GET"]}}],"collection":[{"href":"https:\/\/www.coquard.fr\/es\/wp-json\/wp\/v2\/product"}],"about":[{"href":"https:\/\/www.coquard.fr\/es\/wp-json\/wp\/v2\/types\/product"}],"replies":[{"embeddable":true,"href":"https:\/\/www.coquard.fr\/es\/wp-json\/wp\/v2\/comments?post=31843"}],"wp:featuredmedia":[{"embeddable":true,"href":"https:\/\/www.coquard.fr\/es\/wp-json\/wp\/v2\/media\/23882"}],"wp:attachment":[{"href":"https:\/\/www.coquard.fr\/es\/wp-json\/wp\/v2\/media?parent=31843"}],"wp:term":[{"taxonomy":"product_brand","embeddable":true,"href":"https:\/\/www.coquard.fr\/es\/wp-json\/wp\/v2\/product_brand?post=31843"},{"taxonomy":"product_cat","embeddable":true,"href":"https:\/\/www.coquard.fr\/es\/wp-json\/wp\/v2\/product_cat?post=31843"},{"taxonomy":"product_tag","embeddable":true,"href":"https:\/\/www.coquard.fr\/es\/wp-json\/wp\/v2\/product_tag?post=31843"}],"curies":[{"name":"wp","href":"https:\/\/api.w.org\/{rel}","templated":true}]}}