{"id":31817,"date":"2020-07-17T10:49:31","date_gmt":"2020-07-17T08:49:31","guid":{"rendered":"https:\/\/www.coquard.fr\/produit\/tranche-caille-a-lames-demi-cylindrique"},"modified":"2026-01-08T15:01:22","modified_gmt":"2026-01-08T14:01:22","slug":"tranche-caille-a-lames-demi-cylindrique","status":"publish","type":"product","link":"https:\/\/www.coquard.fr\/es\/produit\/tranche-caille-a-lames-demi-cylindrique","title":{"rendered":"LIRA DE CUCHILLOS 5 CUCHILLOS PARA CUBA 200 LITROS"},"content":{"rendered":"<p>Lira de corte semicircular de acero inoxidable, 5 cuchillas. Permite desmenuzar la cuajada, facilitando la salida del suero antes del moldeo para cuajada l\u00e1ctica y pastas blandas l\u00e1cticas. Separaci\u00f3n entre las cuchillas 100 mm.<\/p>\n","protected":false},"excerpt":{"rendered":"<p>31817<\/p>\n","protected":false},"featured_media":63977,"comment_status":"closed","ping_status":"closed","template":"","meta":{"_acf_changed":false},"product_brand":[],"product_cat":[1489],"product_tag":[],"class_list":{"0":"post-31817","1":"product","2":"type-product","3":"status-publish","4":"has-post-thumbnail","6":"product_cat-barrenos-y-materiales-de-cuajadura","8":"first","9":"instock","10":"taxable","11":"shipping-taxable","12":"purchasable","13":"product-type-simple"},"acf":[],"_links":{"self":[{"href":"https:\/\/www.coquard.fr\/es\/wp-json\/wp\/v2\/product\/31817","targetHints":{"allow":["GET"]}}],"collection":[{"href":"https:\/\/www.coquard.fr\/es\/wp-json\/wp\/v2\/product"}],"about":[{"href":"https:\/\/www.coquard.fr\/es\/wp-json\/wp\/v2\/types\/product"}],"replies":[{"embeddable":true,"href":"https:\/\/www.coquard.fr\/es\/wp-json\/wp\/v2\/comments?post=31817"}],"wp:featuredmedia":[{"embeddable":true,"href":"https:\/\/www.coquard.fr\/es\/wp-json\/wp\/v2\/media\/63977"}],"wp:attachment":[{"href":"https:\/\/www.coquard.fr\/es\/wp-json\/wp\/v2\/media?parent=31817"}],"wp:term":[{"taxonomy":"product_brand","embeddable":true,"href":"https:\/\/www.coquard.fr\/es\/wp-json\/wp\/v2\/product_brand?post=31817"},{"taxonomy":"product_cat","embeddable":true,"href":"https:\/\/www.coquard.fr\/es\/wp-json\/wp\/v2\/product_cat?post=31817"},{"taxonomy":"product_tag","embeddable":true,"href":"https:\/\/www.coquard.fr\/es\/wp-json\/wp\/v2\/product_tag?post=31817"}],"curies":[{"name":"wp","href":"https:\/\/api.w.org\/{rel}","templated":true}]}}