{"id":31815,"date":"2020-07-17T10:49:28","date_gmt":"2020-07-17T08:49:28","guid":{"rendered":"https:\/\/www.coquard.fr\/produit\/tranche-caille-17-lames-150-x-515-mm"},"modified":"2026-01-08T15:01:18","modified_gmt":"2026-01-08T14:01:18","slug":"tranche-caille-17-lames-150-x-515-mm","status":"publish","type":"product","link":"https:\/\/www.coquard.fr\/es\/produit\/tranche-caille-17-lames-150-x-515-mm","title":{"rendered":"TRANCHE CAILLE 17 LAMES 150 x 515 MM"},"content":{"rendered":"<p>Tranche-caill\u00e9 \u00e0 lames horizontales, pour bassines 50 et 75 Litres. Compl\u00e9mentaire au tranche-caill\u00e9 040BBA \u00e0 lames verticales.<br \/>\nDimensions 515 x 150 mm. Avec poign\u00e9e. Espace entre les lames 30 mm.<\/p>\n","protected":false},"excerpt":{"rendered":"<p>31815<\/p>\n","protected":false},"featured_media":24194,"comment_status":"closed","ping_status":"closed","template":"","meta":{"_acf_changed":false},"product_brand":[],"product_cat":[1489],"product_tag":[],"class_list":{"0":"post-31815","1":"product","2":"type-product","3":"status-publish","4":"has-post-thumbnail","6":"product_cat-barrenos-y-materiales-de-cuajadura","8":"first","9":"instock","10":"taxable","11":"shipping-taxable","12":"purchasable","13":"product-type-simple"},"acf":[],"_links":{"self":[{"href":"https:\/\/www.coquard.fr\/es\/wp-json\/wp\/v2\/product\/31815","targetHints":{"allow":["GET"]}}],"collection":[{"href":"https:\/\/www.coquard.fr\/es\/wp-json\/wp\/v2\/product"}],"about":[{"href":"https:\/\/www.coquard.fr\/es\/wp-json\/wp\/v2\/types\/product"}],"replies":[{"embeddable":true,"href":"https:\/\/www.coquard.fr\/es\/wp-json\/wp\/v2\/comments?post=31815"}],"wp:featuredmedia":[{"embeddable":true,"href":"https:\/\/www.coquard.fr\/es\/wp-json\/wp\/v2\/media\/24194"}],"wp:attachment":[{"href":"https:\/\/www.coquard.fr\/es\/wp-json\/wp\/v2\/media?parent=31815"}],"wp:term":[{"taxonomy":"product_brand","embeddable":true,"href":"https:\/\/www.coquard.fr\/es\/wp-json\/wp\/v2\/product_brand?post=31815"},{"taxonomy":"product_cat","embeddable":true,"href":"https:\/\/www.coquard.fr\/es\/wp-json\/wp\/v2\/product_cat?post=31815"},{"taxonomy":"product_tag","embeddable":true,"href":"https:\/\/www.coquard.fr\/es\/wp-json\/wp\/v2\/product_tag?post=31815"}],"curies":[{"name":"wp","href":"https:\/\/api.w.org\/{rel}","templated":true}]}}