{"id":31801,"date":"2020-07-17T10:49:07","date_gmt":"2020-07-17T08:49:07","guid":{"rendered":"https:\/\/www.coquard.fr\/produit\/bac-demi-cylindr-inox-simple-paroi-250l"},"modified":"2026-04-26T21:37:45","modified_gmt":"2026-04-26T19:37:45","slug":"bac-demi-cylindr-inox-simple-paroi-250l","status":"publish","type":"product","link":"https:\/\/www.coquard.fr\/es\/produit\/bac-demi-cylindr-inox-simple-paroi-250l","title":{"rendered":"CUBA DE INOXIDABLE SEMI CILINDRICA 250 L SIMPLE PARED"},"content":{"rendered":"<p>Conjunto cubeta + soporte solidario de acero inoxidable 304. \ufeff\ufeffCapacidad total 250 litros. Con vaciado SMS 51 + tap\u00f3n de pl\u00e1stico SMS 51. Entregado con 2 ruedas fijas + 2 ruedas giratorias. Dimensi\u00f3n de la cubeta 565 mm x 1.000 mm x h 592 mm. Dimensi\u00f3n del soporte 995 mm x 1.066 mm x h 650 mm. Peso del conjunto 40 Kg.<\/p>\n","protected":false},"excerpt":{"rendered":"<p>31801<\/p>\n","protected":false},"featured_media":23393,"comment_status":"closed","ping_status":"closed","template":"","meta":{"_acf_changed":false},"product_brand":[],"product_cat":[1489],"product_tag":[],"class_list":{"0":"post-31801","1":"product","2":"type-product","3":"status-publish","4":"has-post-thumbnail","6":"product_cat-barrenos-y-materiales-de-cuajadura","8":"first","9":"onbackorder","10":"taxable","11":"shipping-taxable","12":"purchasable","13":"product-type-simple"},"acf":[],"_links":{"self":[{"href":"https:\/\/www.coquard.fr\/es\/wp-json\/wp\/v2\/product\/31801","targetHints":{"allow":["GET"]}}],"collection":[{"href":"https:\/\/www.coquard.fr\/es\/wp-json\/wp\/v2\/product"}],"about":[{"href":"https:\/\/www.coquard.fr\/es\/wp-json\/wp\/v2\/types\/product"}],"replies":[{"embeddable":true,"href":"https:\/\/www.coquard.fr\/es\/wp-json\/wp\/v2\/comments?post=31801"}],"wp:featuredmedia":[{"embeddable":true,"href":"https:\/\/www.coquard.fr\/es\/wp-json\/wp\/v2\/media\/23393"}],"wp:attachment":[{"href":"https:\/\/www.coquard.fr\/es\/wp-json\/wp\/v2\/media?parent=31801"}],"wp:term":[{"taxonomy":"product_brand","embeddable":true,"href":"https:\/\/www.coquard.fr\/es\/wp-json\/wp\/v2\/product_brand?post=31801"},{"taxonomy":"product_cat","embeddable":true,"href":"https:\/\/www.coquard.fr\/es\/wp-json\/wp\/v2\/product_cat?post=31801"},{"taxonomy":"product_tag","embeddable":true,"href":"https:\/\/www.coquard.fr\/es\/wp-json\/wp\/v2\/product_tag?post=31801"}],"curies":[{"name":"wp","href":"https:\/\/api.w.org\/{rel}","templated":true}]}}