{"id":31793,"date":"2020-07-17T10:48:40","date_gmt":"2020-07-17T08:48:40","guid":{"rendered":"https:\/\/www.coquard.fr\/produit\/tranche-caille-a-fils-rectangulaire"},"modified":"2026-04-06T21:14:33","modified_gmt":"2026-04-06T19:14:33","slug":"tranche-caille-a-fils-rectangulaire","status":"publish","type":"product","link":"https:\/\/www.coquard.fr\/es\/produit\/tranche-caille-a-fils-rectangulaire","title":{"rendered":"LIRA DE HILOS RECTANGULAR"},"content":{"rendered":"<p>Lira de corte para el corte de la cuajada en tina semicil\u00edndrica de 200 litros de pl\u00e1stico. Separaci\u00f3n de los hilos 25 mm. Hilos posicionados verticalmente. Corte de la cuajada en anchura en dos pasadas. Para pasta blanda o prensada. Se utiliza con lira de corte semicircular Ref. 039DVA.<\/p>\n","protected":false},"excerpt":{"rendered":"<p>31793<\/p>\n","protected":false},"featured_media":23381,"comment_status":"closed","ping_status":"closed","template":"","meta":{"_acf_changed":false},"product_brand":[],"product_cat":[1489],"product_tag":[],"class_list":{"0":"post-31793","1":"product","2":"type-product","3":"status-publish","4":"has-post-thumbnail","6":"product_cat-barrenos-y-materiales-de-cuajadura","8":"first","9":"instock","10":"taxable","11":"shipping-taxable","12":"purchasable","13":"product-type-simple"},"acf":[],"_links":{"self":[{"href":"https:\/\/www.coquard.fr\/es\/wp-json\/wp\/v2\/product\/31793","targetHints":{"allow":["GET"]}}],"collection":[{"href":"https:\/\/www.coquard.fr\/es\/wp-json\/wp\/v2\/product"}],"about":[{"href":"https:\/\/www.coquard.fr\/es\/wp-json\/wp\/v2\/types\/product"}],"replies":[{"embeddable":true,"href":"https:\/\/www.coquard.fr\/es\/wp-json\/wp\/v2\/comments?post=31793"}],"wp:featuredmedia":[{"embeddable":true,"href":"https:\/\/www.coquard.fr\/es\/wp-json\/wp\/v2\/media\/23381"}],"wp:attachment":[{"href":"https:\/\/www.coquard.fr\/es\/wp-json\/wp\/v2\/media?parent=31793"}],"wp:term":[{"taxonomy":"product_brand","embeddable":true,"href":"https:\/\/www.coquard.fr\/es\/wp-json\/wp\/v2\/product_brand?post=31793"},{"taxonomy":"product_cat","embeddable":true,"href":"https:\/\/www.coquard.fr\/es\/wp-json\/wp\/v2\/product_cat?post=31793"},{"taxonomy":"product_tag","embeddable":true,"href":"https:\/\/www.coquard.fr\/es\/wp-json\/wp\/v2\/product_tag?post=31793"}],"curies":[{"name":"wp","href":"https:\/\/api.w.org\/{rel}","templated":true}]}}