{"id":31783,"date":"2020-07-17T10:48:27","date_gmt":"2020-07-17T08:48:27","guid":{"rendered":"https:\/\/www.coquard.fr\/produit\/bac-demi-cylindrique-200l-plastique"},"modified":"2026-04-12T21:00:44","modified_gmt":"2026-04-12T19:00:44","slug":"bac-demi-cylindrique-200l-plastique","status":"publish","type":"product","link":"https:\/\/www.coquard.fr\/es\/produit\/bac-demi-cylindrique-200l-plastique","title":{"rendered":"CUBA DE PLASTICO SEMI CILINDRICA 200 LITROS"},"content":{"rendered":"<p>Tina de corte de cuajada semicil\u00edndrica de pl\u00e1stico espeso blanco. \ufeff\ufeffCapacidad \u00fatil 200 litros. Dimensi\u00f3n interior 1.010 mm x 545 mm x h 495 mm. Vaciado integrado en la tina + tap\u00f3n de pl\u00e1stico SMS 51. Tina vendida sin cuna de acero inoxidable. Accesorios opcionales.<\/p>\n","protected":false},"excerpt":{"rendered":"<p>31783<\/p>\n","protected":false},"featured_media":23855,"comment_status":"closed","ping_status":"closed","template":"","meta":{"_acf_changed":false},"product_brand":[],"product_cat":[1489],"product_tag":[],"class_list":{"0":"post-31783","1":"product","2":"type-product","3":"status-publish","4":"has-post-thumbnail","6":"product_cat-barrenos-y-materiales-de-cuajadura","8":"first","9":"instock","10":"taxable","11":"shipping-taxable","12":"purchasable","13":"product-type-simple"},"acf":[],"_links":{"self":[{"href":"https:\/\/www.coquard.fr\/es\/wp-json\/wp\/v2\/product\/31783","targetHints":{"allow":["GET"]}}],"collection":[{"href":"https:\/\/www.coquard.fr\/es\/wp-json\/wp\/v2\/product"}],"about":[{"href":"https:\/\/www.coquard.fr\/es\/wp-json\/wp\/v2\/types\/product"}],"replies":[{"embeddable":true,"href":"https:\/\/www.coquard.fr\/es\/wp-json\/wp\/v2\/comments?post=31783"}],"wp:featuredmedia":[{"embeddable":true,"href":"https:\/\/www.coquard.fr\/es\/wp-json\/wp\/v2\/media\/23855"}],"wp:attachment":[{"href":"https:\/\/www.coquard.fr\/es\/wp-json\/wp\/v2\/media?parent=31783"}],"wp:term":[{"taxonomy":"product_brand","embeddable":true,"href":"https:\/\/www.coquard.fr\/es\/wp-json\/wp\/v2\/product_brand?post=31783"},{"taxonomy":"product_cat","embeddable":true,"href":"https:\/\/www.coquard.fr\/es\/wp-json\/wp\/v2\/product_cat?post=31783"},{"taxonomy":"product_tag","embeddable":true,"href":"https:\/\/www.coquard.fr\/es\/wp-json\/wp\/v2\/product_tag?post=31783"}],"curies":[{"name":"wp","href":"https:\/\/api.w.org\/{rel}","templated":true}]}}