{"id":31753,"date":"2020-07-17T10:47:48","date_gmt":"2020-07-17T08:47:48","guid":{"rendered":"https:\/\/www.coquard.fr\/produit\/couvercle-bassines-039afa"},"modified":"2026-01-08T14:59:03","modified_gmt":"2026-01-08T13:59:03","slug":"couvercle-bassines-039afa","status":"publish","type":"product","link":"https:\/\/www.coquard.fr\/es\/produit\/couvercle-bassines-039afa","title":{"rendered":"TAPA PARA BARRE\u00d1O 50 LITROS"},"content":{"rendered":"<p>De pl\u00e1stico alimentario blanco. Polietileno de baja densidad lineal. Tapa para barre\u00f1o 50 litros 039AFA.<\/p>\n","protected":false},"excerpt":{"rendered":"<p>31753<\/p>\n","protected":false},"featured_media":24080,"comment_status":"closed","ping_status":"closed","template":"","meta":{"_acf_changed":false},"product_brand":[],"product_cat":[1489],"product_tag":[],"class_list":{"0":"post-31753","1":"product","2":"type-product","3":"status-publish","4":"has-post-thumbnail","6":"product_cat-barrenos-y-materiales-de-cuajadura","8":"first","9":"instock","10":"taxable","11":"shipping-taxable","12":"purchasable","13":"product-type-simple"},"acf":[],"_links":{"self":[{"href":"https:\/\/www.coquard.fr\/es\/wp-json\/wp\/v2\/product\/31753","targetHints":{"allow":["GET"]}}],"collection":[{"href":"https:\/\/www.coquard.fr\/es\/wp-json\/wp\/v2\/product"}],"about":[{"href":"https:\/\/www.coquard.fr\/es\/wp-json\/wp\/v2\/types\/product"}],"replies":[{"embeddable":true,"href":"https:\/\/www.coquard.fr\/es\/wp-json\/wp\/v2\/comments?post=31753"}],"wp:featuredmedia":[{"embeddable":true,"href":"https:\/\/www.coquard.fr\/es\/wp-json\/wp\/v2\/media\/24080"}],"wp:attachment":[{"href":"https:\/\/www.coquard.fr\/es\/wp-json\/wp\/v2\/media?parent=31753"}],"wp:term":[{"taxonomy":"product_brand","embeddable":true,"href":"https:\/\/www.coquard.fr\/es\/wp-json\/wp\/v2\/product_brand?post=31753"},{"taxonomy":"product_cat","embeddable":true,"href":"https:\/\/www.coquard.fr\/es\/wp-json\/wp\/v2\/product_cat?post=31753"},{"taxonomy":"product_tag","embeddable":true,"href":"https:\/\/www.coquard.fr\/es\/wp-json\/wp\/v2\/product_tag?post=31753"}],"curies":[{"name":"wp","href":"https:\/\/api.w.org\/{rel}","templated":true}]}}