{"id":31751,"date":"2020-07-17T10:47:45","date_gmt":"2020-07-17T08:47:45","guid":{"rendered":"https:\/\/www.coquard.fr\/produit\/bassine-75-l-dia-ext-635mm-ht385"},"modified":"2026-01-08T14:58:59","modified_gmt":"2026-01-08T13:58:59","slug":"bassine-75-l-dia-ext-635mm-ht385","status":"publish","type":"product","link":"https:\/\/www.coquard.fr\/es\/produit\/bassine-75-l-dia-ext-635mm-ht385","title":{"rendered":"BARRE\u00d1O 75 LITROS"},"content":{"rendered":"<p>Barre\u00f1o redondo de pl\u00e1stico alimentario blanco. Polietileno de baja densidad lineal. Contenido 75\u00a0litros. Di\u00e1metro interior inferior 460 mm. Di\u00e1metro interior superior 570 mm. Di\u00e1metro exterior superior 635 mm. Altura interna 355 m. Altura externa 385 mm. Anchura con asas 710 mm. Peso en vac\u00edo 3,270 kg. Utilizable con la tapa 039AJA.<\/p>\n","protected":false},"excerpt":{"rendered":"<p>31751<\/p>\n","protected":false},"featured_media":23354,"comment_status":"closed","ping_status":"closed","template":"","meta":{"_acf_changed":false},"product_brand":[],"product_cat":[1489],"product_tag":[],"class_list":{"0":"post-31751","1":"product","2":"type-product","3":"status-publish","4":"has-post-thumbnail","6":"product_cat-barrenos-y-materiales-de-cuajadura","8":"first","9":"instock","10":"taxable","11":"shipping-taxable","12":"purchasable","13":"product-type-simple"},"acf":[],"_links":{"self":[{"href":"https:\/\/www.coquard.fr\/es\/wp-json\/wp\/v2\/product\/31751","targetHints":{"allow":["GET"]}}],"collection":[{"href":"https:\/\/www.coquard.fr\/es\/wp-json\/wp\/v2\/product"}],"about":[{"href":"https:\/\/www.coquard.fr\/es\/wp-json\/wp\/v2\/types\/product"}],"replies":[{"embeddable":true,"href":"https:\/\/www.coquard.fr\/es\/wp-json\/wp\/v2\/comments?post=31751"}],"wp:featuredmedia":[{"embeddable":true,"href":"https:\/\/www.coquard.fr\/es\/wp-json\/wp\/v2\/media\/23354"}],"wp:attachment":[{"href":"https:\/\/www.coquard.fr\/es\/wp-json\/wp\/v2\/media?parent=31751"}],"wp:term":[{"taxonomy":"product_brand","embeddable":true,"href":"https:\/\/www.coquard.fr\/es\/wp-json\/wp\/v2\/product_brand?post=31751"},{"taxonomy":"product_cat","embeddable":true,"href":"https:\/\/www.coquard.fr\/es\/wp-json\/wp\/v2\/product_cat?post=31751"},{"taxonomy":"product_tag","embeddable":true,"href":"https:\/\/www.coquard.fr\/es\/wp-json\/wp\/v2\/product_tag?post=31751"}],"curies":[{"name":"wp","href":"https:\/\/api.w.org\/{rel}","templated":true}]}}