{"id":31749,"date":"2020-07-17T10:47:42","date_gmt":"2020-07-17T08:47:42","guid":{"rendered":"https:\/\/www.coquard.fr\/produit\/bassine-50-l-non-graduee"},"modified":"2026-01-30T13:48:48","modified_gmt":"2026-01-30T12:48:48","slug":"bassine-50-l-non-graduee","status":"publish","type":"product","link":"https:\/\/www.coquard.fr\/es\/produit\/bassine-50-l-non-graduee","title":{"rendered":"BARRE\u00d1O 50 LITROS"},"content":{"rendered":"<p>Barre\u00f1o redondo de pl\u00e1stico alimentario blanco. Polietileno de baja densidad lineal. Contenido 50\u00a0litros. Di\u00e1metro interior inferior 405 mm. Di\u00e1metro interior superior 495 mm. Di\u00e1metro exterior superior 550 mm. Altura interna 310 m. Altura externa 340 mm. Anchura con asas 630 mm. Peso en vac\u00edo 2,570 kg. Utilizable con la tapa 039AJA.<\/p>\n","protected":false},"excerpt":{"rendered":"<p>31749<\/p>\n","protected":false},"featured_media":23843,"comment_status":"closed","ping_status":"closed","template":"","meta":{"_acf_changed":false},"product_brand":[],"product_cat":[1489],"product_tag":[],"class_list":{"0":"post-31749","1":"product","2":"type-product","3":"status-publish","4":"has-post-thumbnail","6":"product_cat-barrenos-y-materiales-de-cuajadura","8":"first","9":"instock","10":"taxable","11":"shipping-taxable","12":"purchasable","13":"product-type-simple"},"acf":[],"_links":{"self":[{"href":"https:\/\/www.coquard.fr\/es\/wp-json\/wp\/v2\/product\/31749","targetHints":{"allow":["GET"]}}],"collection":[{"href":"https:\/\/www.coquard.fr\/es\/wp-json\/wp\/v2\/product"}],"about":[{"href":"https:\/\/www.coquard.fr\/es\/wp-json\/wp\/v2\/types\/product"}],"replies":[{"embeddable":true,"href":"https:\/\/www.coquard.fr\/es\/wp-json\/wp\/v2\/comments?post=31749"}],"wp:featuredmedia":[{"embeddable":true,"href":"https:\/\/www.coquard.fr\/es\/wp-json\/wp\/v2\/media\/23843"}],"wp:attachment":[{"href":"https:\/\/www.coquard.fr\/es\/wp-json\/wp\/v2\/media?parent=31749"}],"wp:term":[{"taxonomy":"product_brand","embeddable":true,"href":"https:\/\/www.coquard.fr\/es\/wp-json\/wp\/v2\/product_brand?post=31749"},{"taxonomy":"product_cat","embeddable":true,"href":"https:\/\/www.coquard.fr\/es\/wp-json\/wp\/v2\/product_cat?post=31749"},{"taxonomy":"product_tag","embeddable":true,"href":"https:\/\/www.coquard.fr\/es\/wp-json\/wp\/v2\/product_tag?post=31749"}],"curies":[{"name":"wp","href":"https:\/\/api.w.org\/{rel}","templated":true}]}}