{"id":31685,"date":"2020-07-17T10:45:20","date_gmt":"2020-07-17T08:45:20","guid":{"rendered":"https:\/\/www.coquard.fr\/produit\/marmite-80-l-inox-couvercle"},"modified":"2026-01-08T14:56:23","modified_gmt":"2026-01-08T13:56:23","slug":"marmite-80-l-inox-couvercle","status":"publish","type":"product","link":"https:\/\/www.coquard.fr\/es\/produit\/marmite-80-l-inox-couvercle","title":{"rendered":"MARMITA DE INOXIDABLE CON FONDO ESPESO 80 LITROS"},"content":{"rendered":"<p>Equipo b\u00e1sico y econ\u00f3mico para la fabricaci\u00f3n de Brousse y de Tomme. Adaptado para el calentamiento mediante un quemador de gas independiente (no suministrado). Volumen \u00fatil: 80 litros. Volumen total: 95 litros. Di\u00e1metro: 500 mm, altura: 500 mm, espesor: 1 mm. Peso: 12 kg. Soporte y puente de corte opcional.<\/p>\n","protected":false},"excerpt":{"rendered":"<p>31685<\/p>\n","protected":false},"featured_media":23300,"comment_status":"closed","ping_status":"closed","template":"","meta":{"_acf_changed":false},"product_brand":[],"product_cat":[1511],"product_tag":[],"class_list":{"0":"post-31685","1":"product","2":"type-product","3":"status-publish","4":"has-post-thumbnail","6":"product_cat-marmitas-y-calderos","8":"first","9":"instock","10":"taxable","11":"shipping-taxable","12":"purchasable","13":"product-type-simple"},"acf":[],"_links":{"self":[{"href":"https:\/\/www.coquard.fr\/es\/wp-json\/wp\/v2\/product\/31685","targetHints":{"allow":["GET"]}}],"collection":[{"href":"https:\/\/www.coquard.fr\/es\/wp-json\/wp\/v2\/product"}],"about":[{"href":"https:\/\/www.coquard.fr\/es\/wp-json\/wp\/v2\/types\/product"}],"replies":[{"embeddable":true,"href":"https:\/\/www.coquard.fr\/es\/wp-json\/wp\/v2\/comments?post=31685"}],"wp:featuredmedia":[{"embeddable":true,"href":"https:\/\/www.coquard.fr\/es\/wp-json\/wp\/v2\/media\/23300"}],"wp:attachment":[{"href":"https:\/\/www.coquard.fr\/es\/wp-json\/wp\/v2\/media?parent=31685"}],"wp:term":[{"taxonomy":"product_brand","embeddable":true,"href":"https:\/\/www.coquard.fr\/es\/wp-json\/wp\/v2\/product_brand?post=31685"},{"taxonomy":"product_cat","embeddable":true,"href":"https:\/\/www.coquard.fr\/es\/wp-json\/wp\/v2\/product_cat?post=31685"},{"taxonomy":"product_tag","embeddable":true,"href":"https:\/\/www.coquard.fr\/es\/wp-json\/wp\/v2\/product_tag?post=31685"}],"curies":[{"name":"wp","href":"https:\/\/api.w.org\/{rel}","templated":true}]}}