{"id":31681,"date":"2020-07-17T10:45:15","date_gmt":"2020-07-17T08:45:15","guid":{"rendered":"https:\/\/www.coquard.fr\/produit\/marmite-130-l-inox-couvercle"},"modified":"2026-01-08T14:56:16","modified_gmt":"2026-01-08T13:56:16","slug":"marmite-130-l-inox-couvercle","status":"publish","type":"product","link":"https:\/\/www.coquard.fr\/es\/produit\/marmite-130-l-inox-couvercle","title":{"rendered":"MARMITA DE INOXIDABLE CON FONDO ESPESO 130 LITROS"},"content":{"rendered":"<p>Equipo b\u00e1sico y econ\u00f3mico para la fabricaci\u00f3n de Brousse y de Tomme. Adaptado para el calentamiento mediante un quemador de gas independiente (no suministrado). Volumen \u00fatil: 130 litros. Volumen total: 155 litros. Di\u00e1metro: 600 mm, altura: 550 mm, espesor: 1 mm. Peso: 15,5 kg. De acero inoxidable. Soporte y puente de corte opcional.<\/p>\n","protected":false},"excerpt":{"rendered":"<p>31681<\/p>\n","protected":false},"featured_media":23297,"comment_status":"closed","ping_status":"closed","template":"","meta":{"_acf_changed":false},"product_brand":[],"product_cat":[1511],"product_tag":[],"class_list":{"0":"post-31681","1":"product","2":"type-product","3":"status-publish","4":"has-post-thumbnail","6":"product_cat-marmitas-y-calderos","8":"first","9":"onbackorder","10":"taxable","11":"shipping-taxable","12":"purchasable","13":"product-type-simple"},"acf":[],"_links":{"self":[{"href":"https:\/\/www.coquard.fr\/es\/wp-json\/wp\/v2\/product\/31681","targetHints":{"allow":["GET"]}}],"collection":[{"href":"https:\/\/www.coquard.fr\/es\/wp-json\/wp\/v2\/product"}],"about":[{"href":"https:\/\/www.coquard.fr\/es\/wp-json\/wp\/v2\/types\/product"}],"replies":[{"embeddable":true,"href":"https:\/\/www.coquard.fr\/es\/wp-json\/wp\/v2\/comments?post=31681"}],"wp:featuredmedia":[{"embeddable":true,"href":"https:\/\/www.coquard.fr\/es\/wp-json\/wp\/v2\/media\/23297"}],"wp:attachment":[{"href":"https:\/\/www.coquard.fr\/es\/wp-json\/wp\/v2\/media?parent=31681"}],"wp:term":[{"taxonomy":"product_brand","embeddable":true,"href":"https:\/\/www.coquard.fr\/es\/wp-json\/wp\/v2\/product_brand?post=31681"},{"taxonomy":"product_cat","embeddable":true,"href":"https:\/\/www.coquard.fr\/es\/wp-json\/wp\/v2\/product_cat?post=31681"},{"taxonomy":"product_tag","embeddable":true,"href":"https:\/\/www.coquard.fr\/es\/wp-json\/wp\/v2\/product_tag?post=31681"}],"curies":[{"name":"wp","href":"https:\/\/api.w.org\/{rel}","templated":true}]}}