{"id":31671,"date":"2020-07-17T10:45:02","date_gmt":"2020-07-17T08:45:02","guid":{"rendered":"https:\/\/www.coquard.fr\/produit\/barriere-pour-plate-forme-cuve"},"modified":"2026-01-30T13:11:13","modified_gmt":"2026-01-30T12:11:13","slug":"barriere-pour-plate-forme-cuve","status":"publish","type":"product","link":"https:\/\/www.coquard.fr\/es\/produit\/barriere-pour-plate-forme-cuve","title":{"rendered":"BARRERA DE PLATA-FORMA PARA CUBA"},"content":{"rendered":"<p>Barrera de acero inoxidable para plataforma. Se definir\u00e1 el n\u00famero de barreras en funci\u00f3n de la dimensi\u00f3n de la plataforma. Dimensiones: anchura: 700 mm, altura: 1.000 mm.<\/p>\n","protected":false},"excerpt":{"rendered":"<p>31671<\/p>\n","protected":false},"featured_media":46624,"comment_status":"closed","ping_status":"closed","template":"","meta":{"_acf_changed":false},"product_brand":[],"product_cat":[1499],"product_tag":[],"class_list":{"0":"post-31671","1":"product","2":"type-product","3":"status-publish","4":"has-post-thumbnail","6":"product_cat-cubas-de-fabricacion-queseras","8":"first","9":"instock","10":"taxable","11":"shipping-taxable","12":"purchasable","13":"product-type-simple"},"acf":[],"_links":{"self":[{"href":"https:\/\/www.coquard.fr\/es\/wp-json\/wp\/v2\/product\/31671","targetHints":{"allow":["GET"]}}],"collection":[{"href":"https:\/\/www.coquard.fr\/es\/wp-json\/wp\/v2\/product"}],"about":[{"href":"https:\/\/www.coquard.fr\/es\/wp-json\/wp\/v2\/types\/product"}],"replies":[{"embeddable":true,"href":"https:\/\/www.coquard.fr\/es\/wp-json\/wp\/v2\/comments?post=31671"}],"wp:featuredmedia":[{"embeddable":true,"href":"https:\/\/www.coquard.fr\/es\/wp-json\/wp\/v2\/media\/46624"}],"wp:attachment":[{"href":"https:\/\/www.coquard.fr\/es\/wp-json\/wp\/v2\/media?parent=31671"}],"wp:term":[{"taxonomy":"product_brand","embeddable":true,"href":"https:\/\/www.coquard.fr\/es\/wp-json\/wp\/v2\/product_brand?post=31671"},{"taxonomy":"product_cat","embeddable":true,"href":"https:\/\/www.coquard.fr\/es\/wp-json\/wp\/v2\/product_cat?post=31671"},{"taxonomy":"product_tag","embeddable":true,"href":"https:\/\/www.coquard.fr\/es\/wp-json\/wp\/v2\/product_tag?post=31671"}],"curies":[{"name":"wp","href":"https:\/\/api.w.org\/{rel}","templated":true}]}}