{"id":31635,"date":"2020-07-17T10:43:49","date_gmt":"2020-07-17T08:43:49","guid":{"rendered":"https:\/\/www.coquard.fr\/produit\/cuve-de-pasteurisation-1000-litres-2"},"modified":"2026-01-15T09:33:36","modified_gmt":"2026-01-15T08:33:36","slug":"cuve-de-pasteurisation-1000-litres-2","status":"publish","type":"product","link":"https:\/\/www.coquard.fr\/es\/produit\/cuve-de-pasteurisation-1000-litres-2","title":{"rendered":"CUVE DE PASTEURISATION 1000 LITRES"},"content":{"rendered":"<p>Cuve de pasteurisation automatique de 650 litres. Chauffage jusqu&#8217;\u00e0 100\u00b0C par r\u00e9sistances \u00e9lectriques, puissance de 45 kW. Cuve comprenant : pompe de circulation de l&#8217;eau du circuit, manom\u00e8tre et soupape de s\u00e9curit\u00e9. Refroidissement par circulation d&#8217;eau au travers d&#8217;un \u00e9changeur \u00e0 plaque. Automate de r\u00e9gulation du chauffage et du refroidissement \u00e0 \u00e9cran tactile comprenant 9 programmes automatiques et 1 mode manuel, un mode de d\u00e9marrage diff\u00e9r\u00e9. Agitation centrale \u00e0 vitesse variable 5 \u00e0 30 tours\/min.Inclinaison pneumatique de fin de vidange. Sortie SMS 51 m\u00e2le. Alimentation 400 Volts &#8211; 50 Hz. Accessoires et options d\u00e9taill\u00e9s en fiche technique : vanne et raccords inox, choix de puissance de chauffe, potence centrale, enregistreur\u2026 Pour d&#8217;autres modes de programmation ou modes de chauffage, nous consulter.<\/p>\n","protected":false},"excerpt":{"rendered":"<p>31635<\/p>\n","protected":false},"featured_media":23252,"comment_status":"closed","ping_status":"closed","template":"","meta":{"_acf_changed":false},"product_brand":[],"product_cat":[1497],"product_tag":[],"class_list":{"0":"post-31635","1":"product","2":"type-product","3":"status-publish","4":"has-post-thumbnail","6":"product_cat-cubas-de-pasteurizacion","8":"first","9":"onbackorder","10":"taxable","11":"shipping-taxable","12":"purchasable","13":"product-type-simple"},"acf":[],"_links":{"self":[{"href":"https:\/\/www.coquard.fr\/es\/wp-json\/wp\/v2\/product\/31635","targetHints":{"allow":["GET"]}}],"collection":[{"href":"https:\/\/www.coquard.fr\/es\/wp-json\/wp\/v2\/product"}],"about":[{"href":"https:\/\/www.coquard.fr\/es\/wp-json\/wp\/v2\/types\/product"}],"replies":[{"embeddable":true,"href":"https:\/\/www.coquard.fr\/es\/wp-json\/wp\/v2\/comments?post=31635"}],"wp:featuredmedia":[{"embeddable":true,"href":"https:\/\/www.coquard.fr\/es\/wp-json\/wp\/v2\/media\/23252"}],"wp:attachment":[{"href":"https:\/\/www.coquard.fr\/es\/wp-json\/wp\/v2\/media?parent=31635"}],"wp:term":[{"taxonomy":"product_brand","embeddable":true,"href":"https:\/\/www.coquard.fr\/es\/wp-json\/wp\/v2\/product_brand?post=31635"},{"taxonomy":"product_cat","embeddable":true,"href":"https:\/\/www.coquard.fr\/es\/wp-json\/wp\/v2\/product_cat?post=31635"},{"taxonomy":"product_tag","embeddable":true,"href":"https:\/\/www.coquard.fr\/es\/wp-json\/wp\/v2\/product_tag?post=31635"}],"curies":[{"name":"wp","href":"https:\/\/api.w.org\/{rel}","templated":true}]}}