{"id":31627,"date":"2020-07-17T10:43:39","date_gmt":"2020-07-17T08:43:39","guid":{"rendered":"https:\/\/www.coquard.fr\/produit\/cuve-de-pasteurisation-650-litres-2"},"modified":"2026-01-08T14:53:23","modified_gmt":"2026-01-08T13:53:23","slug":"cuve-de-pasteurisation-650-litres-2","status":"publish","type":"product","link":"https:\/\/www.coquard.fr\/es\/produit\/cuve-de-pasteurisation-650-litres-2","title":{"rendered":"CUBA DE PASTEURIZACION 650 L CON RESISTENCIAS"},"content":{"rendered":"<p>Tina de pasteurizaci\u00f3n autom\u00e1tica de 650 litros. Calentamiento hasta 90\u00b0C mediante resistencias el\u00e9ctricas, potencia de 24 kW. Tina que incluye: bomba de circulaci\u00f3n del agua del circuito. Refrigeraci\u00f3n por circulaci\u00f3n de agua en el ba\u00f1o mar\u00eda. Aut\u00f3mata de regulaci\u00f3n del calentador y el enfriador con 9 programas autom\u00e1ticos y un modo manual. Agitador central de velocidad fija de 23 r.p.m., variador de velocidad opcional. Inclinaci\u00f3n \ufeff\ufeffneum\u00e1tica de fin de vaciado. Salida SMS 51 macho. Alimentaci\u00f3n 400 V &#8211; 50 Hz. Accesorios y opciones detalladas en ficha t\u00e9cnica: v\u00e1lvulas y racores de acero inoxidable, selecci\u00f3n de potencia de calentamiento, arranque diferido, potencia central, registrador, etc. Para otros modos de programaci\u00f3n o modos de calentamiento, cons\u00faltenos.<\/p>\n","protected":false},"excerpt":{"rendered":"<p>31627<\/p>\n","protected":false},"featured_media":23246,"comment_status":"closed","ping_status":"closed","template":"","meta":{"_acf_changed":false},"product_brand":[],"product_cat":[1497],"product_tag":[],"class_list":{"0":"post-31627","1":"product","2":"type-product","3":"status-publish","4":"has-post-thumbnail","6":"product_cat-cubas-de-pasteurizacion","8":"first","9":"onbackorder","10":"taxable","11":"shipping-taxable","12":"purchasable","13":"product-type-simple"},"acf":[],"_links":{"self":[{"href":"https:\/\/www.coquard.fr\/es\/wp-json\/wp\/v2\/product\/31627","targetHints":{"allow":["GET"]}}],"collection":[{"href":"https:\/\/www.coquard.fr\/es\/wp-json\/wp\/v2\/product"}],"about":[{"href":"https:\/\/www.coquard.fr\/es\/wp-json\/wp\/v2\/types\/product"}],"replies":[{"embeddable":true,"href":"https:\/\/www.coquard.fr\/es\/wp-json\/wp\/v2\/comments?post=31627"}],"wp:featuredmedia":[{"embeddable":true,"href":"https:\/\/www.coquard.fr\/es\/wp-json\/wp\/v2\/media\/23246"}],"wp:attachment":[{"href":"https:\/\/www.coquard.fr\/es\/wp-json\/wp\/v2\/media?parent=31627"}],"wp:term":[{"taxonomy":"product_brand","embeddable":true,"href":"https:\/\/www.coquard.fr\/es\/wp-json\/wp\/v2\/product_brand?post=31627"},{"taxonomy":"product_cat","embeddable":true,"href":"https:\/\/www.coquard.fr\/es\/wp-json\/wp\/v2\/product_cat?post=31627"},{"taxonomy":"product_tag","embeddable":true,"href":"https:\/\/www.coquard.fr\/es\/wp-json\/wp\/v2\/product_tag?post=31627"}],"curies":[{"name":"wp","href":"https:\/\/api.w.org\/{rel}","templated":true}]}}