{"id":31613,"date":"2020-07-17T10:43:20","date_gmt":"2020-07-17T08:43:20","guid":{"rendered":"https:\/\/www.coquard.fr\/produit\/cuve-de-pasteurisation-300-litres"},"modified":"2022-12-29T20:17:00","modified_gmt":"2022-12-29T19:17:00","slug":"cuve-de-pasteurisation-300-litres","status":"publish","type":"product","link":"https:\/\/www.coquard.fr\/es\/produit\/cuve-de-pasteurisation-300-litres","title":{"rendered":"CUBA DE PASTEURIZACION 300 L SIN RESISTENCIAS"},"content":{"rendered":"<p>Tina de pasteurizaci\u00f3n autom\u00e1tica de 300 litros. Calentamiento hasta 100\u00b0C mediante producci\u00f3n de agua caliente externa. Potencia de caldera recomendada 35 kW. Intercambiador con conexiones 3\/4&#8242; (20\/27) para llegadas y retornos de agua caliente y agua fr\u00eda, gestionado por electrov\u00e1lvulas. Tina que incluye: bomba de circulaci\u00f3n del agua del circuito, intercambiador de placas para refrigeraci\u00f3n, man\u00f3metro y v\u00e1lvula de remezcla. Aut\u00f3mata de regulaci\u00f3n del calentador y el enfriador con 9 programas autom\u00e1ticos y un modo manual. Agitador central de velocidad fija de 23 r.p.m., variador de velocidad opcional. Inclinaci\u00f3n manual de fin de vaciado. Salida SMS 51 macho. Alimentaci\u00f3n 230 V &#8211; 50 Hz. Accesorios y opciones detalladas en ficha t\u00e9cnica: v\u00e1lvula y empalmes de acero inoxidable, arranque diferido, potencia central, pala rascadora, registrador, etc. Para otros modos de programaci\u00f3n o modos de calentamiento, cons\u00faltenos.<\/p>\n","protected":false},"excerpt":{"rendered":"<p>31613<\/p>\n","protected":false},"featured_media":23783,"comment_status":"closed","ping_status":"closed","template":"","meta":{"_acf_changed":false},"product_brand":[],"product_cat":[1497],"product_tag":[],"class_list":{"0":"post-31613","1":"product","2":"type-product","3":"status-publish","4":"has-post-thumbnail","6":"product_cat-cubas-de-pasteurizacion","8":"first","9":"onbackorder","10":"taxable","11":"shipping-taxable","12":"purchasable","13":"product-type-simple"},"acf":[],"_links":{"self":[{"href":"https:\/\/www.coquard.fr\/es\/wp-json\/wp\/v2\/product\/31613","targetHints":{"allow":["GET"]}}],"collection":[{"href":"https:\/\/www.coquard.fr\/es\/wp-json\/wp\/v2\/product"}],"about":[{"href":"https:\/\/www.coquard.fr\/es\/wp-json\/wp\/v2\/types\/product"}],"replies":[{"embeddable":true,"href":"https:\/\/www.coquard.fr\/es\/wp-json\/wp\/v2\/comments?post=31613"}],"wp:featuredmedia":[{"embeddable":true,"href":"https:\/\/www.coquard.fr\/es\/wp-json\/wp\/v2\/media\/23783"}],"wp:attachment":[{"href":"https:\/\/www.coquard.fr\/es\/wp-json\/wp\/v2\/media?parent=31613"}],"wp:term":[{"taxonomy":"product_brand","embeddable":true,"href":"https:\/\/www.coquard.fr\/es\/wp-json\/wp\/v2\/product_brand?post=31613"},{"taxonomy":"product_cat","embeddable":true,"href":"https:\/\/www.coquard.fr\/es\/wp-json\/wp\/v2\/product_cat?post=31613"},{"taxonomy":"product_tag","embeddable":true,"href":"https:\/\/www.coquard.fr\/es\/wp-json\/wp\/v2\/product_tag?post=31613"}],"curies":[{"name":"wp","href":"https:\/\/api.w.org\/{rel}","templated":true}]}}