{"id":31605,"date":"2020-07-17T10:43:09","date_gmt":"2020-07-17T08:43:09","guid":{"rendered":"https:\/\/www.coquard.fr\/produit\/cuve-de-pasteurisation-100-litres-3"},"modified":"2026-03-17T20:07:34","modified_gmt":"2026-03-17T19:07:34","slug":"cuve-de-pasteurisation-100-litres-3","status":"publish","type":"product","link":"https:\/\/www.coquard.fr\/es\/produit\/cuve-de-pasteurisation-100-litres-3","title":{"rendered":"CUBA DE PASTEURIZACION 100 L CON RESISTENCIAS"},"content":{"rendered":"<p>Tina de pasteurizaci\u00f3n autom\u00e1tica de 100 litros. Calentamiento hasta 100\u00b0C mediante resistencias el\u00e9ctricas, potencia de 9 kW. bomba de circulaci\u00f3n del agua del circuito, man\u00f3metro y v\u00e1lvula de seguridad. Refrigeraci\u00f3n por circulaci\u00f3n de agua a trav\u00e9s de un intercambiador de placas. Aut\u00f3mata de regulaci\u00f3n del calentador y el enfriador, que incluye 9 programas autom\u00e1ticos y un modo manual. Agitador central de velocidad fija de 23 r.p.m., variador de velocidad opcional. Inclinaci\u00f3n manual de fin de vaciado. Salida SMS 51 macho. Alimentaci\u00f3n 400 V &#8211; 50 Hz. Accesorios y opciones detalladas en ficha t\u00e9cnica: v\u00e1lvulas y racores de acero inoxidable, selecci\u00f3n de potencia de calentamiento, arranque diferido, potencia central, pala rascadora, registrador, etc. Para otros modos de programaci\u00f3n o modos de calentamiento, cons\u00faltenos.<\/p>\n","protected":false},"excerpt":{"rendered":"<p>31605<\/p>\n","protected":false},"featured_media":23780,"comment_status":"closed","ping_status":"closed","template":"","meta":{"_acf_changed":false},"product_brand":[],"product_cat":[1497],"product_tag":[],"class_list":{"0":"post-31605","1":"product","2":"type-product","3":"status-publish","4":"has-post-thumbnail","6":"product_cat-cubas-de-pasteurizacion","8":"first","9":"onbackorder","10":"taxable","11":"shipping-taxable","12":"purchasable","13":"product-type-simple"},"acf":[],"_links":{"self":[{"href":"https:\/\/www.coquard.fr\/es\/wp-json\/wp\/v2\/product\/31605","targetHints":{"allow":["GET"]}}],"collection":[{"href":"https:\/\/www.coquard.fr\/es\/wp-json\/wp\/v2\/product"}],"about":[{"href":"https:\/\/www.coquard.fr\/es\/wp-json\/wp\/v2\/types\/product"}],"replies":[{"embeddable":true,"href":"https:\/\/www.coquard.fr\/es\/wp-json\/wp\/v2\/comments?post=31605"}],"wp:featuredmedia":[{"embeddable":true,"href":"https:\/\/www.coquard.fr\/es\/wp-json\/wp\/v2\/media\/23780"}],"wp:attachment":[{"href":"https:\/\/www.coquard.fr\/es\/wp-json\/wp\/v2\/media?parent=31605"}],"wp:term":[{"taxonomy":"product_brand","embeddable":true,"href":"https:\/\/www.coquard.fr\/es\/wp-json\/wp\/v2\/product_brand?post=31605"},{"taxonomy":"product_cat","embeddable":true,"href":"https:\/\/www.coquard.fr\/es\/wp-json\/wp\/v2\/product_cat?post=31605"},{"taxonomy":"product_tag","embeddable":true,"href":"https:\/\/www.coquard.fr\/es\/wp-json\/wp\/v2\/product_tag?post=31605"}],"curies":[{"name":"wp","href":"https:\/\/api.w.org\/{rel}","templated":true}]}}