{"id":31595,"date":"2020-07-17T10:42:37","date_gmt":"2020-07-17T08:42:37","guid":{"rendered":"https:\/\/www.coquard.fr\/produit\/cuve-fromagere-1000-l-tranche-cailles"},"modified":"2026-01-08T14:52:11","modified_gmt":"2026-01-08T13:52:11","slug":"cuve-fromagere-1000-l-tranche-cailles","status":"publish","type":"product","link":"https:\/\/www.coquard.fr\/es\/produit\/cuve-fromagere-1000-l-tranche-cailles","title":{"rendered":"CUBA DE FABRICACION QUESERA 1000 L SIN RESISTENCIAS"},"content":{"rendered":"<p>Tina quesera y de pasteurizaci\u00f3n de 1000 litros, provista de una potencia central de corte de la cuajada mecanizado con tres liras de corte con cuchillas rotativas, denominada \u00absat\u00e9lite\u00bb. Calentamiento hasta 100\u00b0C mediante producci\u00f3n de agua caliente externa. Potencia de caldera recomendada 95 kW. Intercambiador con conexiones 1 (26\/34) para llegadas y reto rnos de agua caliente y agua fr\u00eda, gestionado por electrov\u00e1lvulas. Tina que incluye: bomba de circulaci\u00f3n del agua del circuito, intercambiador de placas para refrigeraci\u00f3n, man\u00f3metro y v\u00e1lvula de remezcla, aut\u00f3mata de regulaci\u00f3n del calentamiento y la refrigeraci\u00f3n con 9 programas autom\u00e1tico y uno manual. Variador de velocidad de 5 a 30 r.p.m. + inversor de frecuencia. Inclinaci\u00f3n \ufeff\ufeffneum\u00e1tica de fin de vaciado. Salida SMS 63 macho. Alimentaci\u00f3n 230 V- 50 Hz. Accesorios y opciones detalladas en ficha t\u00e9cnica: palas de corte de cuajada, agitador central, v\u00e1lvula, arranque diferido, registrador, etc. Para otros modos de programaci\u00f3n o modos de calentamiento, cons\u00faltenos.<\/p>\n","protected":false},"excerpt":{"rendered":"<p>31595<\/p>\n","protected":false},"featured_media":46553,"comment_status":"closed","ping_status":"closed","template":"","meta":{"_acf_changed":false},"product_brand":[],"product_cat":[1499],"product_tag":[],"class_list":{"0":"post-31595","1":"product","2":"type-product","3":"status-publish","4":"has-post-thumbnail","6":"product_cat-cubas-de-fabricacion-queseras","8":"first","9":"onbackorder","10":"taxable","11":"shipping-taxable","12":"purchasable","13":"product-type-simple"},"acf":[],"_links":{"self":[{"href":"https:\/\/www.coquard.fr\/es\/wp-json\/wp\/v2\/product\/31595","targetHints":{"allow":["GET"]}}],"collection":[{"href":"https:\/\/www.coquard.fr\/es\/wp-json\/wp\/v2\/product"}],"about":[{"href":"https:\/\/www.coquard.fr\/es\/wp-json\/wp\/v2\/types\/product"}],"replies":[{"embeddable":true,"href":"https:\/\/www.coquard.fr\/es\/wp-json\/wp\/v2\/comments?post=31595"}],"wp:featuredmedia":[{"embeddable":true,"href":"https:\/\/www.coquard.fr\/es\/wp-json\/wp\/v2\/media\/46553"}],"wp:attachment":[{"href":"https:\/\/www.coquard.fr\/es\/wp-json\/wp\/v2\/media?parent=31595"}],"wp:term":[{"taxonomy":"product_brand","embeddable":true,"href":"https:\/\/www.coquard.fr\/es\/wp-json\/wp\/v2\/product_brand?post=31595"},{"taxonomy":"product_cat","embeddable":true,"href":"https:\/\/www.coquard.fr\/es\/wp-json\/wp\/v2\/product_cat?post=31595"},{"taxonomy":"product_tag","embeddable":true,"href":"https:\/\/www.coquard.fr\/es\/wp-json\/wp\/v2\/product_tag?post=31595"}],"curies":[{"name":"wp","href":"https:\/\/api.w.org\/{rel}","templated":true}]}}