{"id":31591,"date":"2020-07-17T10:42:27","date_gmt":"2020-07-17T08:42:27","guid":{"rendered":"https:\/\/www.coquard.fr\/produit\/cuve-fromagere-800-l-tranche-cailles-2"},"modified":"2026-01-08T14:52:03","modified_gmt":"2026-01-08T13:52:03","slug":"cuve-fromagere-800-l-tranche-cailles-2","status":"publish","type":"product","link":"https:\/\/www.coquard.fr\/es\/produit\/cuve-fromagere-800-l-tranche-cailles-2","title":{"rendered":"CUBA DE FABRICACION QUESERA 800 L CON RESISTENCIAS"},"content":{"rendered":"<p>Tina quesera y de pasteurizaci\u00f3n de 800 litros, provista de una potencia central de corte de la cuajada mecanizado con tres liras de corte con cuchillas rotativas, denominada \u00absat\u00e9lite\u00bb. Calentamiento hasta 90 \u00b0C mediante resistencias el\u00e9ctricas, potencia 30 kW. Refrigeraci\u00f3n por circulaci\u00f3n de agua en el ba\u00f1o mar\u00eda. Tina que incluye: bomba de circulaci\u00f3n del agua del circuito, aut\u00f3mata de regulaci\u00f3n del calentamiento y la refrigeraci\u00f3n con 9 programas autom\u00e1ticos y uno manual; variador de velocidad de 5 a 30 r.p.m. e inversor de frecuencia, inclinaci\u00f3n \ufeff\ufeffneum\u00e1tica de fin de vaciado, salida, SMS 63 macho. Alimentaci\u00f3n 400 V &#8211; 50 Hz. Accesorios y opciones detalladas en ficha t\u00e9cnica: palas de corte de cuajada, agitador central, v\u00e1lvula, arranque diferido, registrador, etc. Para otros modos de programaci\u00f3n o modos de calentamiento, cons\u00faltenos.<\/p>\n","protected":false},"excerpt":{"rendered":"<p>31591<\/p>\n","protected":false},"featured_media":23216,"comment_status":"closed","ping_status":"closed","template":"","meta":{"_acf_changed":false},"product_brand":[],"product_cat":[1499],"product_tag":[],"class_list":{"0":"post-31591","1":"product","2":"type-product","3":"status-publish","4":"has-post-thumbnail","6":"product_cat-cubas-de-fabricacion-queseras","8":"first","9":"onbackorder","10":"taxable","11":"shipping-taxable","12":"purchasable","13":"product-type-simple"},"acf":[],"_links":{"self":[{"href":"https:\/\/www.coquard.fr\/es\/wp-json\/wp\/v2\/product\/31591","targetHints":{"allow":["GET"]}}],"collection":[{"href":"https:\/\/www.coquard.fr\/es\/wp-json\/wp\/v2\/product"}],"about":[{"href":"https:\/\/www.coquard.fr\/es\/wp-json\/wp\/v2\/types\/product"}],"replies":[{"embeddable":true,"href":"https:\/\/www.coquard.fr\/es\/wp-json\/wp\/v2\/comments?post=31591"}],"wp:featuredmedia":[{"embeddable":true,"href":"https:\/\/www.coquard.fr\/es\/wp-json\/wp\/v2\/media\/23216"}],"wp:attachment":[{"href":"https:\/\/www.coquard.fr\/es\/wp-json\/wp\/v2\/media?parent=31591"}],"wp:term":[{"taxonomy":"product_brand","embeddable":true,"href":"https:\/\/www.coquard.fr\/es\/wp-json\/wp\/v2\/product_brand?post=31591"},{"taxonomy":"product_cat","embeddable":true,"href":"https:\/\/www.coquard.fr\/es\/wp-json\/wp\/v2\/product_cat?post=31591"},{"taxonomy":"product_tag","embeddable":true,"href":"https:\/\/www.coquard.fr\/es\/wp-json\/wp\/v2\/product_tag?post=31591"}],"curies":[{"name":"wp","href":"https:\/\/api.w.org\/{rel}","templated":true}]}}