{"id":31577,"date":"2020-07-17T10:41:53","date_gmt":"2020-07-17T08:41:53","guid":{"rendered":"https:\/\/www.coquard.fr\/produit\/cuve-fromagere-500-l-tranche-cailles"},"modified":"2026-01-08T14:51:18","modified_gmt":"2026-01-08T13:51:18","slug":"cuve-fromagere-500-l-tranche-cailles","status":"publish","type":"product","link":"https:\/\/www.coquard.fr\/es\/produit\/cuve-fromagere-500-l-tranche-cailles","title":{"rendered":"CUVE FABRICATION FROMAGERE 500 L SANS RESISTANCES"},"content":{"rendered":"<p>Cuve de fabrication fromag\u00e8re et de pasteurisation de 500 litres. Potence centrale de d\u00e9caillage m\u00e9canis\u00e9e avec 3 tranche-caill\u00e9s \u00e0 lames \u00e0 rotation dite satellite. Chauffage jusqu\u00e0 100\u00b0C par production d&#8217;eau  chaude externe. Puissance de chaudi\u00e8re recommand\u00e9e 50 kW. \u00c9changeur avec branchements 3\/4&#8242; (20\/27) pour arriv\u00e9es et retours eau chaude et eau froide, g\u00e9r\u00e9 par des \u00e9lectrovannes. Pompe de circulation de l&#8217;eau du circuit, \u00e9changeur \u00e0 plaque de refroidissement, manom\u00e8tre et vanne de rem\u00e9lange.  Automate de r\u00e9gulation du chauffage et du refroidissement \u00e0 \u00e9cran tactile comprenant 9 programmes automatiques et 1 mode manuel, mode de d\u00e9marrage diff\u00e9r\u00e9. Variateur de vitesse 5 \u00e0 30 tr\/min + inverseur de fr\u00e9quence. Inclinaison pneumatique de fin de vidange. Sortie SMS 63 m\u00e2le. Alimentation 230 Volts &#8211; 50 Hz. Accessoires et options d\u00e9taill\u00e9s en fiche technique : pelles de brassage du caill\u00e9, pale centrale d&#8217;agitation, vanne, enregistreur\u2026 Pour d&#8217;autres modes de programmation ou modes de chauffage, nous consulter.<\/p>\n","protected":false},"excerpt":{"rendered":"<p>31577<\/p>\n","protected":false},"featured_media":46543,"comment_status":"closed","ping_status":"closed","template":"","meta":{"_acf_changed":false},"product_brand":[],"product_cat":[1499],"product_tag":[],"class_list":{"0":"post-31577","1":"product","2":"type-product","3":"status-publish","4":"has-post-thumbnail","6":"product_cat-cubas-de-fabricacion-queseras","8":"first","9":"onbackorder","10":"taxable","11":"shipping-taxable","12":"purchasable","13":"product-type-simple"},"acf":[],"_links":{"self":[{"href":"https:\/\/www.coquard.fr\/es\/wp-json\/wp\/v2\/product\/31577","targetHints":{"allow":["GET"]}}],"collection":[{"href":"https:\/\/www.coquard.fr\/es\/wp-json\/wp\/v2\/product"}],"about":[{"href":"https:\/\/www.coquard.fr\/es\/wp-json\/wp\/v2\/types\/product"}],"replies":[{"embeddable":true,"href":"https:\/\/www.coquard.fr\/es\/wp-json\/wp\/v2\/comments?post=31577"}],"wp:featuredmedia":[{"embeddable":true,"href":"https:\/\/www.coquard.fr\/es\/wp-json\/wp\/v2\/media\/46543"}],"wp:attachment":[{"href":"https:\/\/www.coquard.fr\/es\/wp-json\/wp\/v2\/media?parent=31577"}],"wp:term":[{"taxonomy":"product_brand","embeddable":true,"href":"https:\/\/www.coquard.fr\/es\/wp-json\/wp\/v2\/product_brand?post=31577"},{"taxonomy":"product_cat","embeddable":true,"href":"https:\/\/www.coquard.fr\/es\/wp-json\/wp\/v2\/product_cat?post=31577"},{"taxonomy":"product_tag","embeddable":true,"href":"https:\/\/www.coquard.fr\/es\/wp-json\/wp\/v2\/product_tag?post=31577"}],"curies":[{"name":"wp","href":"https:\/\/api.w.org\/{rel}","templated":true}]}}