{"id":31573,"date":"2020-07-17T10:41:41","date_gmt":"2020-07-17T08:41:41","guid":{"rendered":"https:\/\/www.coquard.fr\/produit\/cuve-fromagere-300-l-tranche-cailles-2"},"modified":"2026-03-13T20:16:23","modified_gmt":"2026-03-13T19:16:23","slug":"cuve-fromagere-300-l-tranche-cailles-2","status":"publish","type":"product","link":"https:\/\/www.coquard.fr\/es\/produit\/cuve-fromagere-300-l-tranche-cailles-2","title":{"rendered":"CUBA DE FABRICACION QUESERA 300 L CON RESISTENCIAS"},"content":{"rendered":"<p>Tina quesera y de pasteurizaci\u00f3n de 300 litros. Potencia central de corte de la cuajada mecanizado con tres liras de corte con cuchilla rotativas, denominada \u00absat\u00e9lite\u00bb. Calentamiento hasta 90\u00b0C mediante resistencias el\u00e9ctricas, potencia 15 kW. Bomba de circulaci\u00f3n del agua del circuito. Refrigeraci\u00f3n por circulaci\u00f3n de agua en el ba\u00f1o mar\u00eda. Aut\u00f3mata de regulaci\u00f3n del calentador y el enfriador, que incluye 9 programas autom\u00e1ticos y un modo manual. Variador de velocidad de 5 a 30 r.p.m. + inversor de frecuencia. Inclinaci\u00f3n manual de fin de vaciado. Salida SMS 51 macho. Alimentaci\u00f3n 400 V &#8211; 50 Hz. Accesorios y opciones detalladas en ficha t\u00e9cnica: pala de agitaci\u00f3n de cuajada, agitador central, v\u00e1lvula, arranque diferido, registrador, etc. Para otros modos de programaci\u00f3n o modos de calentamiento, cons\u00faltenos.<\/p>\n","protected":false},"excerpt":{"rendered":"<p>31573<\/p>\n","protected":false},"featured_media":76280,"comment_status":"closed","ping_status":"closed","template":"","meta":{"_acf_changed":false},"product_brand":[],"product_cat":[1638,1499],"product_tag":[],"class_list":{"0":"post-31573","1":"product","2":"type-product","3":"status-publish","4":"has-post-thumbnail","6":"product_cat-destockage-es","7":"product_cat-cubas-de-fabricacion-queseras","9":"first","10":"instock","11":"sale","12":"taxable","13":"shipping-taxable","14":"purchasable","15":"product-type-simple"},"acf":[],"_links":{"self":[{"href":"https:\/\/www.coquard.fr\/es\/wp-json\/wp\/v2\/product\/31573","targetHints":{"allow":["GET"]}}],"collection":[{"href":"https:\/\/www.coquard.fr\/es\/wp-json\/wp\/v2\/product"}],"about":[{"href":"https:\/\/www.coquard.fr\/es\/wp-json\/wp\/v2\/types\/product"}],"replies":[{"embeddable":true,"href":"https:\/\/www.coquard.fr\/es\/wp-json\/wp\/v2\/comments?post=31573"}],"wp:featuredmedia":[{"embeddable":true,"href":"https:\/\/www.coquard.fr\/es\/wp-json\/wp\/v2\/media\/76280"}],"wp:attachment":[{"href":"https:\/\/www.coquard.fr\/es\/wp-json\/wp\/v2\/media?parent=31573"}],"wp:term":[{"taxonomy":"product_brand","embeddable":true,"href":"https:\/\/www.coquard.fr\/es\/wp-json\/wp\/v2\/product_brand?post=31573"},{"taxonomy":"product_cat","embeddable":true,"href":"https:\/\/www.coquard.fr\/es\/wp-json\/wp\/v2\/product_cat?post=31573"},{"taxonomy":"product_tag","embeddable":true,"href":"https:\/\/www.coquard.fr\/es\/wp-json\/wp\/v2\/product_tag?post=31573"}],"curies":[{"name":"wp","href":"https:\/\/api.w.org\/{rel}","templated":true}]}}