{"id":31571,"date":"2020-07-17T10:41:38","date_gmt":"2020-07-17T08:41:38","guid":{"rendered":"https:\/\/www.coquard.fr\/produit\/cuve-fromagere-300-l-tranche-cailles"},"modified":"2026-01-08T14:50:59","modified_gmt":"2026-01-08T13:50:59","slug":"cuve-fromagere-300-l-tranche-cailles","status":"publish","type":"product","link":"https:\/\/www.coquard.fr\/es\/produit\/cuve-fromagere-300-l-tranche-cailles","title":{"rendered":"CUBA DE FABRICACION QUESERA 300 L SIN RESISTENCIAS"},"content":{"rendered":"<p>Tina quesera y de pasteurizaci\u00f3n de 300 litros. Potencia central de corte de la cuajada mecanizado con tres liras de corte con cuchilla rotativas, denominada \u00absat\u00e9lite\u00bb. Calentamiento hasta 100\u00b0C mediante producci\u00f3n de agua caliente externa. Potencia de caldera recomendada 35 kW. Intercambiador con conexi\u00f3n 3\/4&#8242; (20\/27) para llegada y retorno de agua caliente y agua fr\u00eda, gestionado por electrov\u00e1lvulas. Bomba de circulaci\u00f3n del agua del circuito, intercambiador de placas para refrigeraci\u00f3n, man\u00f3metro y v\u00e1lvula de remezcla. Aut\u00f3mata de regulaci\u00f3n del calentador y el enfriador, que incluye 9 programas autom\u00e1ticos y un modo manual. Variador de velocidad de 5 a 30 r.p.m. + inversor de frecuencia. Inclinaci\u00f3n manual de fin de vaciado. Salida SMS 51 macho. Alimentaci\u00f3n 230 V &#8211; 50 Hz. Accesorios y opciones detalladas en ficha t\u00e9cnica: pala de agitaci\u00f3n de cuajada, agitador central, v\u00e1lvula, arranque diferido, registrador, etc. Para otros modos de programaci\u00f3n o modos de calentamiento, cons\u00faltenos.<\/p>\n","protected":false},"excerpt":{"rendered":"<p>31571<\/p>\n","protected":false},"featured_media":46540,"comment_status":"closed","ping_status":"closed","template":"","meta":{"_acf_changed":false},"product_brand":[],"product_cat":[1499],"product_tag":[],"class_list":{"0":"post-31571","1":"product","2":"type-product","3":"status-publish","4":"has-post-thumbnail","6":"product_cat-cubas-de-fabricacion-queseras","8":"first","9":"onbackorder","10":"taxable","11":"shipping-taxable","12":"purchasable","13":"product-type-simple"},"acf":[],"_links":{"self":[{"href":"https:\/\/www.coquard.fr\/es\/wp-json\/wp\/v2\/product\/31571","targetHints":{"allow":["GET"]}}],"collection":[{"href":"https:\/\/www.coquard.fr\/es\/wp-json\/wp\/v2\/product"}],"about":[{"href":"https:\/\/www.coquard.fr\/es\/wp-json\/wp\/v2\/types\/product"}],"replies":[{"embeddable":true,"href":"https:\/\/www.coquard.fr\/es\/wp-json\/wp\/v2\/comments?post=31571"}],"wp:featuredmedia":[{"embeddable":true,"href":"https:\/\/www.coquard.fr\/es\/wp-json\/wp\/v2\/media\/46540"}],"wp:attachment":[{"href":"https:\/\/www.coquard.fr\/es\/wp-json\/wp\/v2\/media?parent=31571"}],"wp:term":[{"taxonomy":"product_brand","embeddable":true,"href":"https:\/\/www.coquard.fr\/es\/wp-json\/wp\/v2\/product_brand?post=31571"},{"taxonomy":"product_cat","embeddable":true,"href":"https:\/\/www.coquard.fr\/es\/wp-json\/wp\/v2\/product_cat?post=31571"},{"taxonomy":"product_tag","embeddable":true,"href":"https:\/\/www.coquard.fr\/es\/wp-json\/wp\/v2\/product_tag?post=31571"}],"curies":[{"name":"wp","href":"https:\/\/api.w.org\/{rel}","templated":true}]}}