{"id":31569,"date":"2020-07-17T10:41:30","date_gmt":"2020-07-17T08:41:30","guid":{"rendered":"https:\/\/www.coquard.fr\/produit\/cuve-fromagere-200-l-tranche-cailles-3"},"modified":"2026-01-08T14:50:48","modified_gmt":"2026-01-08T13:50:48","slug":"cuve-fromagere-200-l-tranche-cailles-3","status":"publish","type":"product","link":"https:\/\/www.coquard.fr\/es\/produit\/cuve-fromagere-200-l-tranche-cailles-3","title":{"rendered":"CUBA DE FABRICACION QUESERA 200 L CON RESISTENCIAS"},"content":{"rendered":"<p>Tina quesera y de pasteurizaci\u00f3n de 200 litros. Potencia central de corte de la cuajada mecanizado con tres liras de corte con cuchilla rotativas, denominada \u00absat\u00e9lite\u00bb. Calentamiento hasta 100\u00b0C mediante resistencias el\u00e9ctricas, potencia 18 kW. Bomba de circulaci\u00f3n del agua del circuito, man\u00f3metro, v\u00e1lvula de seguridad. Refrigeraci\u00f3n a trav\u00e9s de un intercambiador de placas. Aut\u00f3mata de regulaci\u00f3n del calentador y el enfriador, que incluye 9 programas autom\u00e1ticos y un modo manual. Variador de velocidad de 5 a 30 r.p.m. + inversor de frecuencia. Inclinaci\u00f3n manual de fin de vaciado. Salida SMS 51 macho. Alimentaci\u00f3n 400 V &#8211; 50 Hz. Accesorios y opciones detalladas en ficha t\u00e9cnica: pala de agitaci\u00f3n de cuajada, agitador central, v\u00e1lvula, arranque diferido, registrador, etc. Para otros modos de programaci\u00f3n o modos de calentamiento, cons\u00faltenos.<\/p>\n","protected":false},"excerpt":{"rendered":"<p>31569<\/p>\n","protected":false},"featured_media":23201,"comment_status":"closed","ping_status":"closed","template":"","meta":{"_acf_changed":false},"product_brand":[],"product_cat":[1499],"product_tag":[],"class_list":{"0":"post-31569","1":"product","2":"type-product","3":"status-publish","4":"has-post-thumbnail","6":"product_cat-cubas-de-fabricacion-queseras","8":"first","9":"onbackorder","10":"taxable","11":"shipping-taxable","12":"purchasable","13":"product-type-simple"},"acf":[],"_links":{"self":[{"href":"https:\/\/www.coquard.fr\/es\/wp-json\/wp\/v2\/product\/31569","targetHints":{"allow":["GET"]}}],"collection":[{"href":"https:\/\/www.coquard.fr\/es\/wp-json\/wp\/v2\/product"}],"about":[{"href":"https:\/\/www.coquard.fr\/es\/wp-json\/wp\/v2\/types\/product"}],"replies":[{"embeddable":true,"href":"https:\/\/www.coquard.fr\/es\/wp-json\/wp\/v2\/comments?post=31569"}],"wp:featuredmedia":[{"embeddable":true,"href":"https:\/\/www.coquard.fr\/es\/wp-json\/wp\/v2\/media\/23201"}],"wp:attachment":[{"href":"https:\/\/www.coquard.fr\/es\/wp-json\/wp\/v2\/media?parent=31569"}],"wp:term":[{"taxonomy":"product_brand","embeddable":true,"href":"https:\/\/www.coquard.fr\/es\/wp-json\/wp\/v2\/product_brand?post=31569"},{"taxonomy":"product_cat","embeddable":true,"href":"https:\/\/www.coquard.fr\/es\/wp-json\/wp\/v2\/product_cat?post=31569"},{"taxonomy":"product_tag","embeddable":true,"href":"https:\/\/www.coquard.fr\/es\/wp-json\/wp\/v2\/product_tag?post=31569"}],"curies":[{"name":"wp","href":"https:\/\/api.w.org\/{rel}","templated":true}]}}