{"id":31555,"date":"2020-12-23T15:11:10","date_gmt":"2020-12-23T14:11:10","guid":{"rendered":"https:\/\/www.coquard.fr\/produit\/drapeau-inox-largeur-570-mm"},"modified":"2026-01-08T14:50:17","modified_gmt":"2026-01-08T13:50:17","slug":"drapeau-inox-largeur-570-mm","status":"publish","type":"product","link":"https:\/\/www.coquard.fr\/es\/produit\/drapeau-inox-largeur-570-mm","title":{"rendered":"PLACA DE INOXIDABLE ANCHURA 570 MM"},"content":{"rendered":"<p>Circulador que permite calentar o enfriar la leche mediante circulaci\u00f3n de un l\u00edquido caliente o fr\u00edo. En acero inoxidable 304, acabado pulido. Anchura de la placa: 570 mm, profundidad: 600 mm. Entrada y salida del fluido acodadas en racores de gas 15\/21 mm para enganchar la placa al reborde de la tina.<\/p>\n","protected":false},"excerpt":{"rendered":"<p>31555<\/p>\n","protected":false},"featured_media":24041,"comment_status":"closed","ping_status":"closed","template":"","meta":{"_acf_changed":false},"product_brand":[],"product_cat":[1520],"product_tag":[],"class_list":{"0":"post-31555","1":"product","2":"type-product","3":"status-publish","4":"has-post-thumbnail","6":"product_cat-calentamiento-de-la-leche","8":"first","9":"instock","10":"taxable","11":"shipping-taxable","12":"purchasable","13":"product-type-simple"},"acf":[],"_links":{"self":[{"href":"https:\/\/www.coquard.fr\/es\/wp-json\/wp\/v2\/product\/31555","targetHints":{"allow":["GET"]}}],"collection":[{"href":"https:\/\/www.coquard.fr\/es\/wp-json\/wp\/v2\/product"}],"about":[{"href":"https:\/\/www.coquard.fr\/es\/wp-json\/wp\/v2\/types\/product"}],"replies":[{"embeddable":true,"href":"https:\/\/www.coquard.fr\/es\/wp-json\/wp\/v2\/comments?post=31555"}],"wp:featuredmedia":[{"embeddable":true,"href":"https:\/\/www.coquard.fr\/es\/wp-json\/wp\/v2\/media\/24041"}],"wp:attachment":[{"href":"https:\/\/www.coquard.fr\/es\/wp-json\/wp\/v2\/media?parent=31555"}],"wp:term":[{"taxonomy":"product_brand","embeddable":true,"href":"https:\/\/www.coquard.fr\/es\/wp-json\/wp\/v2\/product_brand?post=31555"},{"taxonomy":"product_cat","embeddable":true,"href":"https:\/\/www.coquard.fr\/es\/wp-json\/wp\/v2\/product_cat?post=31555"},{"taxonomy":"product_tag","embeddable":true,"href":"https:\/\/www.coquard.fr\/es\/wp-json\/wp\/v2\/product_tag?post=31555"}],"curies":[{"name":"wp","href":"https:\/\/api.w.org\/{rel}","templated":true}]}}