{"id":31521,"date":"2020-07-17T10:40:23","date_gmt":"2020-07-17T08:40:23","guid":{"rendered":"https:\/\/www.coquard.fr\/produit\/cuve-de-fromagerie-520-l-regul-manuelle"},"modified":"2026-04-25T23:54:17","modified_gmt":"2026-04-25T21:54:17","slug":"cuve-de-fromagerie-520-l-regul-manuelle","status":"publish","type":"product","link":"https:\/\/www.coquard.fr\/es\/produit\/cuve-de-fromagerie-520-l-regul-manuelle","title":{"rendered":"CUBA DE FABRICACION QUESERA 520 L A REGULACION MANUAL"},"content":{"rendered":"<p>Tina quesera sencilla de 500 litros de capacidad \u00fatil para las elaboraciones con leche cruda, solo calentamiento, o leche pasteurizada a 68\u00b0C m\u00e1ximo, con calentamiento y refrigeraci\u00f3n. Versi\u00f3n con circuito de calefacci\u00f3n y refrigeraci\u00f3n mediante agua. Intercambiador de calor por el fondo e intercambiador de fr\u00edo por virola. Funcionamiento con v\u00e1lvulas manuales, sin regulaci\u00f3n. Incluye visualizador y sonda de temperatura. Variador de velocidad de 16 a 65 revoluciones por minuto para agitaci\u00f3n central, con inversi\u00f3n del sentido de rotaci\u00f3n. Mando mediante electrov\u00e1lvula opcional. Alimentaci\u00f3n 230 V \u2013 50 Hz.<\/p>\n","protected":false},"excerpt":{"rendered":"<p>31521<\/p>\n","protected":false},"featured_media":24233,"comment_status":"closed","ping_status":"closed","template":"","meta":{"_acf_changed":false},"product_brand":[],"product_cat":[1499],"product_tag":[],"class_list":{"0":"post-31521","1":"product","2":"type-product","3":"status-publish","4":"has-post-thumbnail","6":"product_cat-cubas-de-fabricacion-queseras","8":"first","9":"onbackorder","10":"taxable","11":"shipping-taxable","12":"purchasable","13":"product-type-simple"},"acf":[],"_links":{"self":[{"href":"https:\/\/www.coquard.fr\/es\/wp-json\/wp\/v2\/product\/31521","targetHints":{"allow":["GET"]}}],"collection":[{"href":"https:\/\/www.coquard.fr\/es\/wp-json\/wp\/v2\/product"}],"about":[{"href":"https:\/\/www.coquard.fr\/es\/wp-json\/wp\/v2\/types\/product"}],"replies":[{"embeddable":true,"href":"https:\/\/www.coquard.fr\/es\/wp-json\/wp\/v2\/comments?post=31521"}],"wp:featuredmedia":[{"embeddable":true,"href":"https:\/\/www.coquard.fr\/es\/wp-json\/wp\/v2\/media\/24233"}],"wp:attachment":[{"href":"https:\/\/www.coquard.fr\/es\/wp-json\/wp\/v2\/media?parent=31521"}],"wp:term":[{"taxonomy":"product_brand","embeddable":true,"href":"https:\/\/www.coquard.fr\/es\/wp-json\/wp\/v2\/product_brand?post=31521"},{"taxonomy":"product_cat","embeddable":true,"href":"https:\/\/www.coquard.fr\/es\/wp-json\/wp\/v2\/product_cat?post=31521"},{"taxonomy":"product_tag","embeddable":true,"href":"https:\/\/www.coquard.fr\/es\/wp-json\/wp\/v2\/product_tag?post=31521"}],"curies":[{"name":"wp","href":"https:\/\/api.w.org\/{rel}","templated":true}]}}