{"id":31289,"date":"2020-07-17T10:34:42","date_gmt":"2020-07-17T08:34:42","guid":{"rendered":"https:\/\/www.coquard.fr\/produit\/gamma-1-dl1-pour-100-a-200-l"},"modified":"2026-04-17T23:38:22","modified_gmt":"2026-04-17T21:38:22","slug":"gamma-1-dl1-pour-100-a-200-l","status":"publish","type":"product","link":"https:\/\/www.coquard.fr\/es\/produit\/gamma-1-dl1-pour-100-a-200-l","title":{"rendered":"GAMMA 1 DL1 PARA 100 A 200 L"},"content":{"rendered":"<p>Bacteria liofilizada que act\u00faa contra las bacterias productoras de gas (entre otras las but\u00edricas). Cultivos protectores interesantes como complemento del clorhidrato de lisozima referencia 017AAC. Se a\u00f1ade a la leche al mismo tiempo que los fermentos. Un tubo permite sembrar de 100 a 200 litros de leche. Precio por tubo.<\/p>\n","protected":false},"excerpt":{"rendered":"<p>31289<\/p>\n","protected":false},"featured_media":21071,"comment_status":"closed","ping_status":"closed","template":"","meta":{"_acf_changed":false},"product_brand":[],"product_cat":[1550],"product_tag":[],"class_list":{"0":"post-31289","1":"product","2":"type-product","3":"status-publish","4":"has-post-thumbnail","6":"product_cat-fermentos-lacticos-coquard","8":"first","9":"instock","10":"taxable","11":"shipping-taxable","12":"purchasable","13":"product-type-simple"},"acf":[],"_links":{"self":[{"href":"https:\/\/www.coquard.fr\/es\/wp-json\/wp\/v2\/product\/31289","targetHints":{"allow":["GET"]}}],"collection":[{"href":"https:\/\/www.coquard.fr\/es\/wp-json\/wp\/v2\/product"}],"about":[{"href":"https:\/\/www.coquard.fr\/es\/wp-json\/wp\/v2\/types\/product"}],"replies":[{"embeddable":true,"href":"https:\/\/www.coquard.fr\/es\/wp-json\/wp\/v2\/comments?post=31289"}],"wp:featuredmedia":[{"embeddable":true,"href":"https:\/\/www.coquard.fr\/es\/wp-json\/wp\/v2\/media\/21071"}],"wp:attachment":[{"href":"https:\/\/www.coquard.fr\/es\/wp-json\/wp\/v2\/media?parent=31289"}],"wp:term":[{"taxonomy":"product_brand","embeddable":true,"href":"https:\/\/www.coquard.fr\/es\/wp-json\/wp\/v2\/product_brand?post=31289"},{"taxonomy":"product_cat","embeddable":true,"href":"https:\/\/www.coquard.fr\/es\/wp-json\/wp\/v2\/product_cat?post=31289"},{"taxonomy":"product_tag","embeddable":true,"href":"https:\/\/www.coquard.fr\/es\/wp-json\/wp\/v2\/product_tag?post=31289"}],"curies":[{"name":"wp","href":"https:\/\/api.w.org\/{rel}","templated":true}]}}