{"id":31259,"date":"2020-07-17T10:34:00","date_gmt":"2020-07-17T08:34:00","guid":{"rendered":"https:\/\/www.coquard.fr\/produit\/arome-naturel-de-vanille-de-madagascar-bidon-de-5-kg"},"modified":"2026-04-24T23:50:58","modified_gmt":"2026-04-24T21:50:58","slug":"arome-naturel-de-vanille-de-madagascar-bidon-de-5-kg","status":"publish","type":"product","link":"https:\/\/www.coquard.fr\/es\/produit\/arome-naturel-de-vanille-de-madagascar-bidon-de-5-kg","title":{"rendered":"AROMAN NATURAL DE VAINILLA DE MADAGASCAR BIDON DE 5 kg"},"content":{"rendered":"<p>Aroma natural de vainilla Bourbon de Madagascar destinado a la elaboraci\u00f3n de yogures aromatizados. M\u00e1s del 95\u00a0% de la parte aromatizante procede de la vaina de vainilla. Dosificaci\u00f3n de 0,6 a 0,8\u00a0% seg\u00fan el porcentaje de az\u00facar. Envasado en bid\u00f3n de 5 kg. Precio por kg. Tarifa decreciente a partir de 10 kg.<\/p>\n","protected":false},"excerpt":{"rendered":"<p>31259<\/p>\n","protected":false},"featured_media":22820,"comment_status":"closed","ping_status":"closed","template":"","meta":{"_acf_changed":false},"product_brand":[],"product_cat":[1460],"product_tag":[],"class_list":{"0":"post-31259","1":"product","2":"type-product","3":"status-publish","4":"has-post-thumbnail","6":"product_cat-aromas-naturales","8":"first","9":"instock","10":"taxable","11":"shipping-taxable","12":"purchasable","13":"product-type-simple"},"acf":[],"_links":{"self":[{"href":"https:\/\/www.coquard.fr\/es\/wp-json\/wp\/v2\/product\/31259","targetHints":{"allow":["GET"]}}],"collection":[{"href":"https:\/\/www.coquard.fr\/es\/wp-json\/wp\/v2\/product"}],"about":[{"href":"https:\/\/www.coquard.fr\/es\/wp-json\/wp\/v2\/types\/product"}],"replies":[{"embeddable":true,"href":"https:\/\/www.coquard.fr\/es\/wp-json\/wp\/v2\/comments?post=31259"}],"wp:featuredmedia":[{"embeddable":true,"href":"https:\/\/www.coquard.fr\/es\/wp-json\/wp\/v2\/media\/22820"}],"wp:attachment":[{"href":"https:\/\/www.coquard.fr\/es\/wp-json\/wp\/v2\/media?parent=31259"}],"wp:term":[{"taxonomy":"product_brand","embeddable":true,"href":"https:\/\/www.coquard.fr\/es\/wp-json\/wp\/v2\/product_brand?post=31259"},{"taxonomy":"product_cat","embeddable":true,"href":"https:\/\/www.coquard.fr\/es\/wp-json\/wp\/v2\/product_cat?post=31259"},{"taxonomy":"product_tag","embeddable":true,"href":"https:\/\/www.coquard.fr\/es\/wp-json\/wp\/v2\/product_tag?post=31259"}],"curies":[{"name":"wp","href":"https:\/\/api.w.org\/{rel}","templated":true}]}}