{"id":31231,"date":"2020-07-17T10:33:18","date_gmt":"2020-07-17T08:33:18","guid":{"rendered":"https:\/\/www.coquard.fr\/produit\/arome-naturel-de-citron-bouteille-de-1-kg"},"modified":"2026-01-30T16:23:25","modified_gmt":"2026-01-30T15:23:25","slug":"arome-naturel-de-citron-bouteille-de-1-kg","status":"publish","type":"product","link":"https:\/\/www.coquard.fr\/es\/produit\/arome-naturel-de-citron-bouteille-de-1-kg","title":{"rendered":"AROMA NATURAL DE LIMON BOTELLA DE 1 kg"},"content":{"rendered":"<p>Aroma natural de lim\u00f3n destinado a la elaboraci\u00f3n de yogures aromatizados. M\u00e1s del 95% de la parte aromatizante procede del lim\u00f3n. Dosificaci\u00f3n de 0,6\u00a0% a 0,8\u00a0% seg\u00fan el porcentaje de az\u00facar. Envasado en botella de 1 kg. Precio por kg. Tarifa decreciente a partir de 6 kg.<\/p>\n","protected":false},"excerpt":{"rendered":"<p>31231<\/p>\n","protected":false},"featured_media":22526,"comment_status":"closed","ping_status":"closed","template":"","meta":{"_acf_changed":false},"product_brand":[],"product_cat":[1460],"product_tag":[],"class_list":{"0":"post-31231","1":"product","2":"type-product","3":"status-publish","4":"has-post-thumbnail","6":"product_cat-aromas-naturales","8":"first","9":"instock","10":"taxable","11":"shipping-taxable","12":"purchasable","13":"product-type-simple"},"acf":[],"_links":{"self":[{"href":"https:\/\/www.coquard.fr\/es\/wp-json\/wp\/v2\/product\/31231","targetHints":{"allow":["GET"]}}],"collection":[{"href":"https:\/\/www.coquard.fr\/es\/wp-json\/wp\/v2\/product"}],"about":[{"href":"https:\/\/www.coquard.fr\/es\/wp-json\/wp\/v2\/types\/product"}],"replies":[{"embeddable":true,"href":"https:\/\/www.coquard.fr\/es\/wp-json\/wp\/v2\/comments?post=31231"}],"wp:featuredmedia":[{"embeddable":true,"href":"https:\/\/www.coquard.fr\/es\/wp-json\/wp\/v2\/media\/22526"}],"wp:attachment":[{"href":"https:\/\/www.coquard.fr\/es\/wp-json\/wp\/v2\/media?parent=31231"}],"wp:term":[{"taxonomy":"product_brand","embeddable":true,"href":"https:\/\/www.coquard.fr\/es\/wp-json\/wp\/v2\/product_brand?post=31231"},{"taxonomy":"product_cat","embeddable":true,"href":"https:\/\/www.coquard.fr\/es\/wp-json\/wp\/v2\/product_cat?post=31231"},{"taxonomy":"product_tag","embeddable":true,"href":"https:\/\/www.coquard.fr\/es\/wp-json\/wp\/v2\/product_tag?post=31231"}],"curies":[{"name":"wp","href":"https:\/\/api.w.org\/{rel}","templated":true}]}}