{"id":31111,"date":"2020-07-17T10:30:21","date_gmt":"2020-07-17T08:30:21","guid":{"rendered":"https:\/\/www.coquard.fr\/produit\/melange-oignor-bio-avec-sel-sachet-de-1-kg"},"modified":"2026-03-17T20:06:58","modified_gmt":"2026-03-17T19:06:58","slug":"melange-oignor-bio-avec-sel-sachet-de-1-kg","status":"publish","type":"product","link":"https:\/\/www.coquard.fr\/es\/produit\/melange-oignor-bio-avec-sel-sachet-de-1-kg","title":{"rendered":"MEZCLA OIGNOR ECOLOGICO BOLSA DE 1 kg"},"content":{"rendered":"<p>Mezcla de especias y plantas arom\u00e1ticas, compuesta de: cebolla, ajo, p\u00e1prika, pimiento rojo, r\u00e1bano picante, jengibre. Preparado de origen ecol\u00f3gico. Precio por saquito de 1 kg. Tarifa decreciente a partir de 5 saquitos.<\/p>\n","protected":false},"excerpt":{"rendered":"<p>31111<\/p>\n","protected":false},"featured_media":22754,"comment_status":"closed","ping_status":"closed","template":"","meta":{"_acf_changed":false},"product_brand":[],"product_cat":[1471],"product_tag":[],"class_list":{"0":"post-31111","1":"product","2":"type-product","3":"status-publish","4":"has-post-thumbnail","6":"product_cat-especias-condimientos-y-frutos-secos-organicos","8":"first","9":"instock","10":"taxable","11":"shipping-taxable","12":"purchasable","13":"product-type-simple"},"acf":[],"_links":{"self":[{"href":"https:\/\/www.coquard.fr\/es\/wp-json\/wp\/v2\/product\/31111","targetHints":{"allow":["GET"]}}],"collection":[{"href":"https:\/\/www.coquard.fr\/es\/wp-json\/wp\/v2\/product"}],"about":[{"href":"https:\/\/www.coquard.fr\/es\/wp-json\/wp\/v2\/types\/product"}],"replies":[{"embeddable":true,"href":"https:\/\/www.coquard.fr\/es\/wp-json\/wp\/v2\/comments?post=31111"}],"wp:featuredmedia":[{"embeddable":true,"href":"https:\/\/www.coquard.fr\/es\/wp-json\/wp\/v2\/media\/22754"}],"wp:attachment":[{"href":"https:\/\/www.coquard.fr\/es\/wp-json\/wp\/v2\/media?parent=31111"}],"wp:term":[{"taxonomy":"product_brand","embeddable":true,"href":"https:\/\/www.coquard.fr\/es\/wp-json\/wp\/v2\/product_brand?post=31111"},{"taxonomy":"product_cat","embeddable":true,"href":"https:\/\/www.coquard.fr\/es\/wp-json\/wp\/v2\/product_cat?post=31111"},{"taxonomy":"product_tag","embeddable":true,"href":"https:\/\/www.coquard.fr\/es\/wp-json\/wp\/v2\/product_tag?post=31111"}],"curies":[{"name":"wp","href":"https:\/\/api.w.org\/{rel}","templated":true}]}}