{"id":31059,"date":"2020-07-17T10:29:04","date_gmt":"2020-07-17T08:29:04","guid":{"rendered":"https:\/\/www.coquard.fr\/produit\/ail-des-ours-bio-sachet-500-g-sachet-de-500-g"},"modified":"2026-04-03T21:10:40","modified_gmt":"2026-04-03T19:10:40","slug":"ail-des-ours-bio-sachet-500-g-sachet-de-500-g","status":"publish","type":"product","link":"https:\/\/www.coquard.fr\/es\/produit\/ail-des-ours-bio-sachet-500-g-sachet-de-500-g","title":{"rendered":"AJO DE LOS OSOS ECOLOGICO BOLSA DE 500 g"},"content":{"rendered":"<p>Planta herb\u00e1cea vivaz, arom\u00e1tica, secada y picada. Preparado de origen ecol\u00f3gico. Precio por saquito de 500 gr. Tarifa decreciente a partir de 5 saquitos.<\/p>\n","protected":false},"excerpt":{"rendered":"<p>31059<\/p>\n","protected":false},"featured_media":22631,"comment_status":"closed","ping_status":"closed","template":"","meta":{"_acf_changed":false},"product_brand":[],"product_cat":[1471],"product_tag":[],"class_list":{"0":"post-31059","1":"product","2":"type-product","3":"status-publish","4":"has-post-thumbnail","6":"product_cat-especias-condimientos-y-frutos-secos-organicos","8":"first","9":"instock","10":"taxable","11":"shipping-taxable","12":"purchasable","13":"product-type-simple"},"acf":[],"_links":{"self":[{"href":"https:\/\/www.coquard.fr\/es\/wp-json\/wp\/v2\/product\/31059","targetHints":{"allow":["GET"]}}],"collection":[{"href":"https:\/\/www.coquard.fr\/es\/wp-json\/wp\/v2\/product"}],"about":[{"href":"https:\/\/www.coquard.fr\/es\/wp-json\/wp\/v2\/types\/product"}],"replies":[{"embeddable":true,"href":"https:\/\/www.coquard.fr\/es\/wp-json\/wp\/v2\/comments?post=31059"}],"wp:featuredmedia":[{"embeddable":true,"href":"https:\/\/www.coquard.fr\/es\/wp-json\/wp\/v2\/media\/22631"}],"wp:attachment":[{"href":"https:\/\/www.coquard.fr\/es\/wp-json\/wp\/v2\/media?parent=31059"}],"wp:term":[{"taxonomy":"product_brand","embeddable":true,"href":"https:\/\/www.coquard.fr\/es\/wp-json\/wp\/v2\/product_brand?post=31059"},{"taxonomy":"product_cat","embeddable":true,"href":"https:\/\/www.coquard.fr\/es\/wp-json\/wp\/v2\/product_cat?post=31059"},{"taxonomy":"product_tag","embeddable":true,"href":"https:\/\/www.coquard.fr\/es\/wp-json\/wp\/v2\/product_tag?post=31059"}],"curies":[{"name":"wp","href":"https:\/\/api.w.org\/{rel}","templated":true}]}}