{"id":30925,"date":"2020-07-17T10:25:40","date_gmt":"2020-07-17T08:25:40","guid":{"rendered":"https:\/\/www.coquard.fr\/produit\/gamma-3"},"modified":"2026-04-03T21:09:57","modified_gmt":"2026-04-03T19:09:57","slug":"gamma-3","status":"publish","type":"product","link":"https:\/\/www.coquard.fr\/es\/produit\/gamma-3","title":{"rendered":"GAMMA 3 DL1 FERMENTO DE BIOPROTECCION"},"content":{"rendered":"<p>Fermento l\u00e1ctico no acidificante liofilizado para a\u00f1adir al ba\u00f1o de sales o en pulverizaci\u00f3n, puede limitar el desarrollo de bacterias indeseables como la Listeria. Dosificaci\u00f3n: 1 tubo es apto para tratar de 300 a 500 kilos de queso o de 100 a 200 litros de leche. Vendido por tubo.<\/p>\n","protected":false},"excerpt":{"rendered":"<p>30925<\/p>\n","protected":false},"featured_media":21284,"comment_status":"closed","ping_status":"closed","template":"","meta":{"_acf_changed":false},"product_brand":[],"product_cat":[1550],"product_tag":[],"class_list":{"0":"post-30925","1":"product","2":"type-product","3":"status-publish","4":"has-post-thumbnail","6":"product_cat-fermentos-lacticos-coquard","8":"first","9":"instock","10":"taxable","11":"shipping-taxable","12":"purchasable","13":"product-type-simple"},"acf":[],"_links":{"self":[{"href":"https:\/\/www.coquard.fr\/es\/wp-json\/wp\/v2\/product\/30925","targetHints":{"allow":["GET"]}}],"collection":[{"href":"https:\/\/www.coquard.fr\/es\/wp-json\/wp\/v2\/product"}],"about":[{"href":"https:\/\/www.coquard.fr\/es\/wp-json\/wp\/v2\/types\/product"}],"replies":[{"embeddable":true,"href":"https:\/\/www.coquard.fr\/es\/wp-json\/wp\/v2\/comments?post=30925"}],"wp:featuredmedia":[{"embeddable":true,"href":"https:\/\/www.coquard.fr\/es\/wp-json\/wp\/v2\/media\/21284"}],"wp:attachment":[{"href":"https:\/\/www.coquard.fr\/es\/wp-json\/wp\/v2\/media?parent=30925"}],"wp:term":[{"taxonomy":"product_brand","embeddable":true,"href":"https:\/\/www.coquard.fr\/es\/wp-json\/wp\/v2\/product_brand?post=30925"},{"taxonomy":"product_cat","embeddable":true,"href":"https:\/\/www.coquard.fr\/es\/wp-json\/wp\/v2\/product_cat?post=30925"},{"taxonomy":"product_tag","embeddable":true,"href":"https:\/\/www.coquard.fr\/es\/wp-json\/wp\/v2\/product_tag?post=30925"}],"curies":[{"name":"wp","href":"https:\/\/api.w.org\/{rel}","templated":true}]}}