{"id":30913,"date":"2020-07-17T10:25:26","date_gmt":"2020-07-17T08:25:26","guid":{"rendered":"https:\/\/www.coquard.fr\/produit\/gamma-22-dl1-pour-100-l"},"modified":"2026-04-24T22:08:26","modified_gmt":"2026-04-24T20:08:26","slug":"gamma-22-dl1-pour-100-l","status":"publish","type":"product","link":"https:\/\/www.coquard.fr\/es\/produit\/gamma-22-dl1-pour-100-l","title":{"rendered":"GAMME 22 DL 1 PARA 100 L FERMENTO DE BIOPROTECCION"},"content":{"rendered":"<p>Fermento l\u00e1ctico no acidificante liofilizado activo en las levaduras, los mohos y los g\u00e9rmenes responsables de la degradaci\u00f3n del sabor. Mejora la conservaci\u00f3n de los productos frescos como yogur, queso fresco, leche fermentada y queso tipo Feta. Dosificaci\u00f3n: 1 tubo para 100 litros. Bolsita de 10 tubos DL1. Tarifa para un tubo. Descuento cuantitativo para 60 o 120 tubos.<\/p>\n","protected":false},"excerpt":{"rendered":"<p>30913<\/p>\n","protected":false},"featured_media":21392,"comment_status":"closed","ping_status":"closed","template":"","meta":{"_acf_changed":false},"product_brand":[],"product_cat":[1550],"product_tag":[],"class_list":{"0":"post-30913","1":"product","2":"type-product","3":"status-publish","4":"has-post-thumbnail","6":"product_cat-fermentos-lacticos-coquard","8":"first","9":"instock","10":"taxable","11":"shipping-taxable","12":"purchasable","13":"product-type-simple"},"acf":[],"_links":{"self":[{"href":"https:\/\/www.coquard.fr\/es\/wp-json\/wp\/v2\/product\/30913","targetHints":{"allow":["GET"]}}],"collection":[{"href":"https:\/\/www.coquard.fr\/es\/wp-json\/wp\/v2\/product"}],"about":[{"href":"https:\/\/www.coquard.fr\/es\/wp-json\/wp\/v2\/types\/product"}],"replies":[{"embeddable":true,"href":"https:\/\/www.coquard.fr\/es\/wp-json\/wp\/v2\/comments?post=30913"}],"wp:featuredmedia":[{"embeddable":true,"href":"https:\/\/www.coquard.fr\/es\/wp-json\/wp\/v2\/media\/21392"}],"wp:attachment":[{"href":"https:\/\/www.coquard.fr\/es\/wp-json\/wp\/v2\/media?parent=30913"}],"wp:term":[{"taxonomy":"product_brand","embeddable":true,"href":"https:\/\/www.coquard.fr\/es\/wp-json\/wp\/v2\/product_brand?post=30913"},{"taxonomy":"product_cat","embeddable":true,"href":"https:\/\/www.coquard.fr\/es\/wp-json\/wp\/v2\/product_cat?post=30913"},{"taxonomy":"product_tag","embeddable":true,"href":"https:\/\/www.coquard.fr\/es\/wp-json\/wp\/v2\/product_tag?post=30913"}],"curies":[{"name":"wp","href":"https:\/\/api.w.org\/{rel}","templated":true}]}}