{"id":30893,"date":"2020-07-17T10:24:57","date_gmt":"2020-07-17T08:24:57","guid":{"rendered":"https:\/\/www.coquard.fr\/produit\/ps-idc-10-4-doses-lyophilise"},"modified":"2026-01-08T14:25:19","modified_gmt":"2026-01-08T13:25:19","slug":"ps-idc-10-4-doses-lyophilise","status":"publish","type":"product","link":"https:\/\/www.coquard.fr\/es\/produit\/ps-idc-10-4-doses-lyophilise","title":{"rendered":"PS IDC 10 &#8211; 4 DOSIS LIOFILIZADO"},"content":{"rendered":"<p>Gama CSL, fermento l\u00e1ctico term\u00f3filo liofilizado para la elaboraci\u00f3n de pasta prensada y pasta cocida. Composici\u00f3n: Streptococcus thermophilus, Lactobacillus delbrueckii y helveticus. Dosificaci\u00f3n recomendada: 1 bolsita de 4 dosis permite sembrar de 1000 a 2000 litros de leche. Precio por bolsita.<\/p>\n","protected":false},"excerpt":{"rendered":"<p>30893<\/p>\n","protected":false},"featured_media":21272,"comment_status":"closed","ping_status":"closed","template":"","meta":{"_acf_changed":false},"product_brand":[],"product_cat":[1555],"product_tag":[],"class_list":{"0":"post-30893","1":"product","2":"type-product","3":"status-publish","4":"has-post-thumbnail","6":"product_cat-fermentos-lacticos-y-de-maduracion-csl","8":"first","9":"instock","10":"taxable","11":"shipping-taxable","12":"purchasable","13":"product-type-simple"},"acf":[],"_links":{"self":[{"href":"https:\/\/www.coquard.fr\/es\/wp-json\/wp\/v2\/product\/30893","targetHints":{"allow":["GET"]}}],"collection":[{"href":"https:\/\/www.coquard.fr\/es\/wp-json\/wp\/v2\/product"}],"about":[{"href":"https:\/\/www.coquard.fr\/es\/wp-json\/wp\/v2\/types\/product"}],"replies":[{"embeddable":true,"href":"https:\/\/www.coquard.fr\/es\/wp-json\/wp\/v2\/comments?post=30893"}],"wp:featuredmedia":[{"embeddable":true,"href":"https:\/\/www.coquard.fr\/es\/wp-json\/wp\/v2\/media\/21272"}],"wp:attachment":[{"href":"https:\/\/www.coquard.fr\/es\/wp-json\/wp\/v2\/media?parent=30893"}],"wp:term":[{"taxonomy":"product_brand","embeddable":true,"href":"https:\/\/www.coquard.fr\/es\/wp-json\/wp\/v2\/product_brand?post=30893"},{"taxonomy":"product_cat","embeddable":true,"href":"https:\/\/www.coquard.fr\/es\/wp-json\/wp\/v2\/product_cat?post=30893"},{"taxonomy":"product_tag","embeddable":true,"href":"https:\/\/www.coquard.fr\/es\/wp-json\/wp\/v2\/product_tag?post=30893"}],"curies":[{"name":"wp","href":"https:\/\/api.w.org\/{rel}","templated":true}]}}