{"id":30867,"date":"2020-07-17T10:24:17","date_gmt":"2020-07-17T08:24:17","guid":{"rendered":"https:\/\/www.coquard.fr\/produit\/ld-idc-01-2-doses-lyophilise"},"modified":"2026-02-12T20:11:34","modified_gmt":"2026-02-12T19:11:34","slug":"ld-idc-01-2-doses-lyophilise","status":"publish","type":"product","link":"https:\/\/www.coquard.fr\/es\/produit\/ld-idc-01-2-doses-lyophilise","title":{"rendered":"LD-IDC 01 &#8211; 2 DOSIS LIOFILIZADO"},"content":{"rendered":"<p>Mezcla de cepas esencialmente mes\u00f3filos heterofermentativos muy arom\u00e1ticos. Este fermento l\u00e1ctico se compone de Lactococcus lactis diacetylactis, Leuconostoc mesenteroides cremoris. Uso: pasta prensada, pasta blanda, queso fresco, mantequilla, gel l\u00e1ctico. Dosificaci\u00f3n recomendada: 2 dosis para 1000 litros de leche. Vendido por bolsita.<\/p>\n","protected":false},"excerpt":{"rendered":"<p>30867<\/p>\n","protected":false},"featured_media":21263,"comment_status":"closed","ping_status":"closed","template":"","meta":{"_acf_changed":false},"product_brand":[],"product_cat":[1555],"product_tag":[],"class_list":{"0":"post-30867","1":"product","2":"type-product","3":"status-publish","4":"has-post-thumbnail","6":"product_cat-fermentos-lacticos-y-de-maduracion-csl","8":"first","9":"instock","10":"taxable","11":"shipping-taxable","12":"purchasable","13":"product-type-simple"},"acf":[],"_links":{"self":[{"href":"https:\/\/www.coquard.fr\/es\/wp-json\/wp\/v2\/product\/30867","targetHints":{"allow":["GET"]}}],"collection":[{"href":"https:\/\/www.coquard.fr\/es\/wp-json\/wp\/v2\/product"}],"about":[{"href":"https:\/\/www.coquard.fr\/es\/wp-json\/wp\/v2\/types\/product"}],"replies":[{"embeddable":true,"href":"https:\/\/www.coquard.fr\/es\/wp-json\/wp\/v2\/comments?post=30867"}],"wp:featuredmedia":[{"embeddable":true,"href":"https:\/\/www.coquard.fr\/es\/wp-json\/wp\/v2\/media\/21263"}],"wp:attachment":[{"href":"https:\/\/www.coquard.fr\/es\/wp-json\/wp\/v2\/media?parent=30867"}],"wp:term":[{"taxonomy":"product_brand","embeddable":true,"href":"https:\/\/www.coquard.fr\/es\/wp-json\/wp\/v2\/product_brand?post=30867"},{"taxonomy":"product_cat","embeddable":true,"href":"https:\/\/www.coquard.fr\/es\/wp-json\/wp\/v2\/product_cat?post=30867"},{"taxonomy":"product_tag","embeddable":true,"href":"https:\/\/www.coquard.fr\/es\/wp-json\/wp\/v2\/product_tag?post=30867"}],"curies":[{"name":"wp","href":"https:\/\/api.w.org\/{rel}","templated":true}]}}